{"id":25128,"date":"2025-11-25T19:47:43","date_gmt":"2025-11-25T18:47:43","guid":{"rendered":"https:\/\/www.hirtenberg-apotheke.at\/katalog\/produkt\/recessan-salbe-10-g\/"},"modified":"2025-11-25T19:48:10","modified_gmt":"2025-11-25T18:48:10","slug":"recessan-salbe-10-g","status":"publish","type":"product","link":"https:\/\/www.hirtenberg-apotheke.at\/katalog\/produkt\/recessan-salbe-10-g\/","title":{"rendered":"Recessan Salbe 10 g"},"content":{"rendered":"<p>Recessan Salbe enth\u00e4lt Polidocanol, einen Wirkstoff zur \u00f6rtlich begrenzten Bet\u00e4ubung. Diese Salbe wird angewendet zur kurzzeitigen und schmerzstillenden Behandlung von Druckschmerzen durch Zahnprothesen im Rahmen einer zahn\u00e4rztlichen Therapie.<\/p>\n","protected":false},"excerpt":{"rendered":"<p>Recessan Salbe enth\u00e4lt Polidocanol, einen Wirkstoff zur \u00f6rtlich begrenzten Bet\u00e4ubung. Diese Salbe wird angewendet zur kurzzeitigen und schmerzstillenden Behandlung von Druckschmerzen durch Zahnprothesen im Rahmen einer zahn\u00e4rztlichen Therapie.<\/p>\n","protected":false},"featured_media":0,"template":"","meta":{"_acf_changed":false},"product_brand":[],"product_cat":[311],"product_tag":[],"class_list":{"0":"post-25128","1":"product","2":"type-product","3":"status-publish","5":"product_cat-r","6":"pa_packungsgroesse-10g","8":"first","9":"instock","10":"shipping-taxable","11":"purchasable","12":"product-type-simple"},"acf":[],"_links":{"self":[{"href":"https:\/\/www.hirtenberg-apotheke.at\/katalog\/wp-json\/wp\/v2\/product\/25128","targetHints":{"allow":["GET"]}}],"collection":[{"href":"https:\/\/www.hirtenberg-apotheke.at\/katalog\/wp-json\/wp\/v2\/product"}],"about":[{"href":"https:\/\/www.hirtenberg-apotheke.at\/katalog\/wp-json\/wp\/v2\/types\/product"}],"wp:attachment":[{"href":"https:\/\/www.hirtenberg-apotheke.at\/katalog\/wp-json\/wp\/v2\/media?parent=25128"}],"wp:term":[{"taxonomy":"product_brand","embeddable":true,"href":"https:\/\/www.hirtenberg-apotheke.at\/katalog\/wp-json\/wp\/v2\/product_brand?post=25128"},{"taxonomy":"product_cat","embeddable":true,"href":"https:\/\/www.hirtenberg-apotheke.at\/katalog\/wp-json\/wp\/v2\/product_cat?post=25128"},{"taxonomy":"product_tag","embeddable":true,"href":"https:\/\/www.hirtenberg-apotheke.at\/katalog\/wp-json\/wp\/v2\/product_tag?post=25128"}],"curies":[{"name":"wp","href":"https:\/\/api.w.org\/{rel}","templated":true}]}}