{"id":25133,"date":"2025-11-25T19:47:43","date_gmt":"2025-11-25T18:47:43","guid":{"rendered":"https:\/\/www.hirtenberg-apotheke.at\/katalog\/produkt\/gengigel-mundspray-20-ml\/"},"modified":"2025-11-25T19:48:21","modified_gmt":"2025-11-25T18:48:21","slug":"gengigel-mundspray-20-ml","status":"publish","type":"product","link":"https:\/\/www.hirtenberg-apotheke.at\/katalog\/produkt\/gengigel-mundspray-20-ml\/","title":{"rendered":"Gengigel Mundspray 20 ML"},"content":{"rendered":"<p>Gengigel Spray bietet schnelle und effektive Hilfe bei: blutendem, entz\u00fcndetem und geschwollenem Zahnfleisch.Gengigel in Form von Sprayist besonders praktisch f\u00fcr die Anwendung unterwegs. Der innovative Spr\u00fchkopf erm\u00f6glicht eineinfaches Auftragenund gew\u00e4hrleistet eine gleichm\u00e4\u00dfige Verteilung der Fl\u00fcssigkeit auf dem Zahnfleisch.<\/p>\n","protected":false},"excerpt":{"rendered":"<p>Gengigel Spray bietet schnelle und effektive Hilfe bei: blutendem, entz\u00fcndetem und geschwollenem Zahnfleisch.Gengigel in Form von Sprayist besonders praktisch f\u00fcr die Anwendung unterwegs. Der innovative Spr\u00fchkopf erm\u00f6glicht eineinfaches Auftragenund gew\u00e4hrleistet eine gleichm\u00e4\u00dfige Verteilung der Fl\u00fcssigkeit auf dem Zahnfleisch.<\/p>\n","protected":false},"featured_media":25135,"template":"","meta":{"_acf_changed":false},"product_brand":[865],"product_cat":[328],"product_tag":[],"class_list":{"0":"post-25133","1":"product","2":"type-product","3":"status-publish","4":"has-post-thumbnail","6":"product_brand-gengigel","7":"product_cat-g","8":"pa_packungsgroesse-20ml","10":"first","11":"instock","12":"shipping-taxable","13":"purchasable","14":"product-type-simple"},"acf":[],"_links":{"self":[{"href":"https:\/\/www.hirtenberg-apotheke.at\/katalog\/wp-json\/wp\/v2\/product\/25133","targetHints":{"allow":["GET"]}}],"collection":[{"href":"https:\/\/www.hirtenberg-apotheke.at\/katalog\/wp-json\/wp\/v2\/product"}],"about":[{"href":"https:\/\/www.hirtenberg-apotheke.at\/katalog\/wp-json\/wp\/v2\/types\/product"}],"wp:featuredmedia":[{"embeddable":true,"href":"https:\/\/www.hirtenberg-apotheke.at\/katalog\/wp-json\/wp\/v2\/media\/25135"}],"wp:attachment":[{"href":"https:\/\/www.hirtenberg-apotheke.at\/katalog\/wp-json\/wp\/v2\/media?parent=25133"}],"wp:term":[{"taxonomy":"product_brand","embeddable":true,"href":"https:\/\/www.hirtenberg-apotheke.at\/katalog\/wp-json\/wp\/v2\/product_brand?post=25133"},{"taxonomy":"product_cat","embeddable":true,"href":"https:\/\/www.hirtenberg-apotheke.at\/katalog\/wp-json\/wp\/v2\/product_cat?post=25133"},{"taxonomy":"product_tag","embeddable":true,"href":"https:\/\/www.hirtenberg-apotheke.at\/katalog\/wp-json\/wp\/v2\/product_tag?post=25133"}],"curies":[{"name":"wp","href":"https:\/\/api.w.org\/{rel}","templated":true}]}}