{"id":25273,"date":"2025-11-25T19:49:37","date_gmt":"2025-11-25T18:49:37","guid":{"rendered":"https:\/\/www.hirtenberg-apotheke.at\/katalog\/produkt\/oleovital-vitamin-d3-mundspray-2000-i-e-25-ml\/"},"modified":"2025-11-25T19:50:14","modified_gmt":"2025-11-25T18:50:14","slug":"oleovital-vitamin-d3-mundspray-2000-i-e-25-ml","status":"publish","type":"product","link":"https:\/\/www.hirtenberg-apotheke.at\/katalog\/produkt\/oleovital-vitamin-d3-mundspray-2000-i-e-25-ml\/","title":{"rendered":"OLEOvital VITAMIN D3 Mundspray 2000 I.E. 25 ml"},"content":{"rendered":"<p>OLEOvital\u00ae VITAMIN D3 Mundspray mit Apfelgeschmack hilft Ihnen Ihre Knochen zu st\u00e4rken und Ihr Immunsystem zu unterst\u00fctzen. Mit dem k\u00f6stlichen OLEOvital\u00ae VITAMIN D3 Mundspray erfolgt die Aufnahme schnell und einfach. Dank der praktischen Anwendung k\u00f6nnen Sie auf Knopfdruck \u201eVitalit\u00e4t in der korrekten Dosierung verspr\u00fchen\u201c.<\/p>\n","protected":false},"excerpt":{"rendered":"<p>OLEOvital\u00ae VITAMIN D3 Mundspray mit Apfelgeschmack hilft Ihnen Ihre Knochen zu st\u00e4rken und Ihr Immunsystem zu unterst\u00fctzen. Mit dem k\u00f6stlichen OLEOvital\u00ae VITAMIN D3 Mundspray erfolgt die Aufnahme schnell und einfach. Dank der praktischen Anwendung k\u00f6nnen Sie auf Knopfdruck \u201eVitalit\u00e4t in der korrekten Dosierung verspr\u00fchen\u201c.<\/p>\n","protected":false},"featured_media":25275,"template":"","meta":{"_acf_changed":false},"product_brand":[],"product_cat":[349],"product_tag":[],"class_list":{"0":"post-25273","1":"product","2":"type-product","3":"status-publish","4":"has-post-thumbnail","6":"product_cat-o","7":"pa_packungsgroesse-25ml","9":"first","10":"instock","11":"shipping-taxable","12":"purchasable","13":"product-type-simple"},"acf":[],"_links":{"self":[{"href":"https:\/\/www.hirtenberg-apotheke.at\/katalog\/wp-json\/wp\/v2\/product\/25273","targetHints":{"allow":["GET"]}}],"collection":[{"href":"https:\/\/www.hirtenberg-apotheke.at\/katalog\/wp-json\/wp\/v2\/product"}],"about":[{"href":"https:\/\/www.hirtenberg-apotheke.at\/katalog\/wp-json\/wp\/v2\/types\/product"}],"wp:featuredmedia":[{"embeddable":true,"href":"https:\/\/www.hirtenberg-apotheke.at\/katalog\/wp-json\/wp\/v2\/media\/25275"}],"wp:attachment":[{"href":"https:\/\/www.hirtenberg-apotheke.at\/katalog\/wp-json\/wp\/v2\/media?parent=25273"}],"wp:term":[{"taxonomy":"product_brand","embeddable":true,"href":"https:\/\/www.hirtenberg-apotheke.at\/katalog\/wp-json\/wp\/v2\/product_brand?post=25273"},{"taxonomy":"product_cat","embeddable":true,"href":"https:\/\/www.hirtenberg-apotheke.at\/katalog\/wp-json\/wp\/v2\/product_cat?post=25273"},{"taxonomy":"product_tag","embeddable":true,"href":"https:\/\/www.hirtenberg-apotheke.at\/katalog\/wp-json\/wp\/v2\/product_tag?post=25273"}],"curies":[{"name":"wp","href":"https:\/\/api.w.org\/{rel}","templated":true}]}}