{"id":25303,"date":"2025-11-25T19:50:13","date_gmt":"2025-11-25T18:50:13","guid":{"rendered":"https:\/\/www.hirtenberg-apotheke.at\/katalog\/produkt\/gum-zahnpflege-orthodont-wachs-1-stk\/"},"modified":"2025-11-25T19:50:39","modified_gmt":"2025-11-25T18:50:39","slug":"gum-zahnpflege-orthodont-wachs-1-stk","status":"publish","type":"product","link":"https:\/\/www.hirtenberg-apotheke.at\/katalog\/produkt\/gum-zahnpflege-orthodont-wachs-1-stk\/","title":{"rendered":"Gum Zahnpflege Orthodont Wachs 1 Stk."},"content":{"rendered":"<p>Gum Zahnpflege Orthodont Wachs haftet auf kieferorthop\u00e4dischen Apparaturen und sch\u00fctzt die Mundschleimhaut vor Verletzungen. Das durchsichtige Wachs haftet gut und ist von au\u00dfen nicht sichtbar.<\/p>\n","protected":false},"excerpt":{"rendered":"<p>Gum Zahnpflege Orthodont Wachs haftet auf kieferorthop\u00e4dischen Apparaturen und sch\u00fctzt die Mundschleimhaut vor Verletzungen. Das durchsichtige Wachs haftet gut und ist von au\u00dfen nicht sichtbar.<\/p>\n","protected":false},"featured_media":25305,"template":"","meta":{"_acf_changed":false},"product_brand":[886],"product_cat":[328],"product_tag":[],"class_list":{"0":"post-25303","1":"product","2":"type-product","3":"status-publish","4":"has-post-thumbnail","6":"product_brand-g-u-m","7":"product_cat-g","8":"pa_packungsgroesse-1-stueck","10":"first","11":"instock","12":"shipping-taxable","13":"purchasable","14":"product-type-simple"},"acf":[],"_links":{"self":[{"href":"https:\/\/www.hirtenberg-apotheke.at\/katalog\/wp-json\/wp\/v2\/product\/25303","targetHints":{"allow":["GET"]}}],"collection":[{"href":"https:\/\/www.hirtenberg-apotheke.at\/katalog\/wp-json\/wp\/v2\/product"}],"about":[{"href":"https:\/\/www.hirtenberg-apotheke.at\/katalog\/wp-json\/wp\/v2\/types\/product"}],"wp:featuredmedia":[{"embeddable":true,"href":"https:\/\/www.hirtenberg-apotheke.at\/katalog\/wp-json\/wp\/v2\/media\/25305"}],"wp:attachment":[{"href":"https:\/\/www.hirtenberg-apotheke.at\/katalog\/wp-json\/wp\/v2\/media?parent=25303"}],"wp:term":[{"taxonomy":"product_brand","embeddable":true,"href":"https:\/\/www.hirtenberg-apotheke.at\/katalog\/wp-json\/wp\/v2\/product_brand?post=25303"},{"taxonomy":"product_cat","embeddable":true,"href":"https:\/\/www.hirtenberg-apotheke.at\/katalog\/wp-json\/wp\/v2\/product_cat?post=25303"},{"taxonomy":"product_tag","embeddable":true,"href":"https:\/\/www.hirtenberg-apotheke.at\/katalog\/wp-json\/wp\/v2\/product_tag?post=25303"}],"curies":[{"name":"wp","href":"https:\/\/api.w.org\/{rel}","templated":true}]}}