{"id":25449,"date":"2025-11-25T19:51:59","date_gmt":"2025-11-25T18:51:59","guid":{"rendered":"https:\/\/www.hirtenberg-apotheke.at\/katalog\/produkt\/helfe-cervitec-gel-20-g\/"},"modified":"2025-11-25T19:52:32","modified_gmt":"2025-11-25T18:52:32","slug":"helfe-cervitec-gel-20-g","status":"publish","type":"product","link":"https:\/\/www.hirtenberg-apotheke.at\/katalog\/produkt\/helfe-cervitec-gel-20-g\/","title":{"rendered":"HELFE Cervitec Gel 20 g"},"content":{"rendered":"<p>Das Mundpflege Gel zum Schutz von Zahnfleisch und Z\u00e4hnen. Cervitec Gel ist das wahrscheinlich beste Gel mit Chlorhexidin und Fluorid!Cervitec Gel enth\u00e4lt 0.2% Chlorhexidin und 900 ppm Fluorid. Es dient zur Pflege von Gingiva, Mucosa und Z\u00e4hnen. Entz\u00fcndungen wird vorgebeugt. Speziell bei Patienten mit hohem Kariesrisiko, mit Gingivitis, Parodontitis oder Prothesenstomatitis empfiehlt sich das Gel auch unterst\u00fctzend w\u00e4hrend der Therapie. Chlorhexidin wirkt antibakteriell und vermindert so die Keimzahlen im Mund. Die Bildung von bakteriellen Bel\u00e4gen und Mundgeruch wird reduziert. Entz\u00fcndungen der Gingiva klingen ab.<\/p>\n","protected":false},"excerpt":{"rendered":"<p>Das Mundpflege Gel zum Schutz von Zahnfleisch und Z\u00e4hnen. Cervitec Gel ist das wahrscheinlich beste Gel mit Chlorhexidin und Fluorid!Cervitec Gel enth\u00e4lt 0.2% Chlorhexidin und 900 ppm Fluorid. Es dient zur Pflege von Gingiva, Mucosa und Z\u00e4hnen. Entz\u00fcndungen wird vorgebeugt. Speziell bei Patienten mit hohem Kariesrisiko, mit Gingivitis, Parodontitis oder Prothesenstomatitis empfiehlt sich das Gel [&hellip;]<\/p>\n","protected":false},"featured_media":25451,"template":"","meta":{"_acf_changed":false},"product_brand":[],"product_cat":[330],"product_tag":[],"class_list":{"0":"post-25449","1":"product","2":"type-product","3":"status-publish","4":"has-post-thumbnail","6":"product_cat-h","7":"pa_packungsgroesse-20g","9":"first","10":"instock","11":"shipping-taxable","12":"purchasable","13":"product-type-simple"},"acf":[],"_links":{"self":[{"href":"https:\/\/www.hirtenberg-apotheke.at\/katalog\/wp-json\/wp\/v2\/product\/25449","targetHints":{"allow":["GET"]}}],"collection":[{"href":"https:\/\/www.hirtenberg-apotheke.at\/katalog\/wp-json\/wp\/v2\/product"}],"about":[{"href":"https:\/\/www.hirtenberg-apotheke.at\/katalog\/wp-json\/wp\/v2\/types\/product"}],"wp:featuredmedia":[{"embeddable":true,"href":"https:\/\/www.hirtenberg-apotheke.at\/katalog\/wp-json\/wp\/v2\/media\/25451"}],"wp:attachment":[{"href":"https:\/\/www.hirtenberg-apotheke.at\/katalog\/wp-json\/wp\/v2\/media?parent=25449"}],"wp:term":[{"taxonomy":"product_brand","embeddable":true,"href":"https:\/\/www.hirtenberg-apotheke.at\/katalog\/wp-json\/wp\/v2\/product_brand?post=25449"},{"taxonomy":"product_cat","embeddable":true,"href":"https:\/\/www.hirtenberg-apotheke.at\/katalog\/wp-json\/wp\/v2\/product_cat?post=25449"},{"taxonomy":"product_tag","embeddable":true,"href":"https:\/\/www.hirtenberg-apotheke.at\/katalog\/wp-json\/wp\/v2\/product_tag?post=25449"}],"curies":[{"name":"wp","href":"https:\/\/api.w.org\/{rel}","templated":true}]}}