{"id":25619,"date":"2025-11-25T19:54:09","date_gmt":"2025-11-25T18:54:09","guid":{"rendered":"https:\/\/www.hirtenberg-apotheke.at\/katalog\/produkt\/zahn-fit-zahnfuellstoff-3-g\/"},"modified":"2025-11-25T19:54:33","modified_gmt":"2025-11-25T18:54:33","slug":"zahn-fit-zahnfuellstoff-3-g","status":"publish","type":"product","link":"https:\/\/www.hirtenberg-apotheke.at\/katalog\/produkt\/zahn-fit-zahnfuellstoff-3-g\/","title":{"rendered":"Zahn-Fit Zahnf\u00fcllstoff 3 g"},"content":{"rendered":"<p>Zahn-Fit Zahnf\u00fcllstoff 3 g ist Ihre Selbst- und Soforthilfe! Sie haben eine Zahnplombe verloren? Mit Zahn-Fit k\u00f6nnen Sie diese sofort und vor\u00fcbergehend ersetzen. Das Produkt ist direkt anwendbar und muss nicht erst anger\u00fchrt werden &#8211; jetzt in Ihrer \u00d6sterreichischen Versandapotheke bestellen!<\/p>\n","protected":false},"excerpt":{"rendered":"<p>Zahn-Fit Zahnf\u00fcllstoff 3 g ist Ihre Selbst- und Soforthilfe! Sie haben eine Zahnplombe verloren? Mit Zahn-Fit k\u00f6nnen Sie diese sofort und vor\u00fcbergehend ersetzen. Das Produkt ist direkt anwendbar und muss nicht erst anger\u00fchrt werden &#8211; jetzt in Ihrer \u00d6sterreichischen Versandapotheke bestellen!<\/p>\n","protected":false},"featured_media":25621,"template":"","meta":{"_acf_changed":false},"product_brand":[],"product_cat":[325],"product_tag":[],"class_list":{"0":"post-25619","1":"product","2":"type-product","3":"status-publish","4":"has-post-thumbnail","6":"product_cat-z","7":"pa_packungsgroesse-3g","9":"first","10":"instock","11":"shipping-taxable","12":"purchasable","13":"product-type-simple"},"acf":[],"_links":{"self":[{"href":"https:\/\/www.hirtenberg-apotheke.at\/katalog\/wp-json\/wp\/v2\/product\/25619","targetHints":{"allow":["GET"]}}],"collection":[{"href":"https:\/\/www.hirtenberg-apotheke.at\/katalog\/wp-json\/wp\/v2\/product"}],"about":[{"href":"https:\/\/www.hirtenberg-apotheke.at\/katalog\/wp-json\/wp\/v2\/types\/product"}],"wp:featuredmedia":[{"embeddable":true,"href":"https:\/\/www.hirtenberg-apotheke.at\/katalog\/wp-json\/wp\/v2\/media\/25621"}],"wp:attachment":[{"href":"https:\/\/www.hirtenberg-apotheke.at\/katalog\/wp-json\/wp\/v2\/media?parent=25619"}],"wp:term":[{"taxonomy":"product_brand","embeddable":true,"href":"https:\/\/www.hirtenberg-apotheke.at\/katalog\/wp-json\/wp\/v2\/product_brand?post=25619"},{"taxonomy":"product_cat","embeddable":true,"href":"https:\/\/www.hirtenberg-apotheke.at\/katalog\/wp-json\/wp\/v2\/product_cat?post=25619"},{"taxonomy":"product_tag","embeddable":true,"href":"https:\/\/www.hirtenberg-apotheke.at\/katalog\/wp-json\/wp\/v2\/product_tag?post=25619"}],"curies":[{"name":"wp","href":"https:\/\/api.w.org\/{rel}","templated":true}]}}