{"id":25805,"date":"2025-11-25T19:56:23","date_gmt":"2025-11-25T18:56:23","guid":{"rendered":"https:\/\/www.hirtenberg-apotheke.at\/katalog\/produkt\/elmex-zahnseide-ungewachst-50m\/"},"modified":"2025-11-25T19:56:51","modified_gmt":"2025-11-25T18:56:51","slug":"elmex-zahnseide-ungewachst-50m","status":"publish","type":"product","link":"https:\/\/www.hirtenberg-apotheke.at\/katalog\/produkt\/elmex-zahnseide-ungewachst-50m\/","title":{"rendered":"Elmex Zahnseide ungewachst 50m"},"content":{"rendered":"<p>Verwenden Sie Elmex Zahnseide f\u00fcr unge\u00fcbte Anwender zur gr\u00fcndlichen Plaqueentfernung an den Zahnzwischenr\u00e4umen.<\/p>\n","protected":false},"excerpt":{"rendered":"<p>Verwenden Sie Elmex Zahnseide f\u00fcr unge\u00fcbte Anwender zur gr\u00fcndlichen Plaqueentfernung an den Zahnzwischenr\u00e4umen.<\/p>\n","protected":false},"featured_media":25807,"template":"","meta":{"_acf_changed":false},"product_brand":[881],"product_cat":[307],"product_tag":[],"class_list":{"0":"post-25805","1":"product","2":"type-product","3":"status-publish","4":"has-post-thumbnail","6":"product_brand-elmex","7":"product_cat-e","8":"pa_packungsgroesse-878","10":"first","11":"instock","12":"shipping-taxable","13":"purchasable","14":"product-type-simple"},"acf":[],"_links":{"self":[{"href":"https:\/\/www.hirtenberg-apotheke.at\/katalog\/wp-json\/wp\/v2\/product\/25805","targetHints":{"allow":["GET"]}}],"collection":[{"href":"https:\/\/www.hirtenberg-apotheke.at\/katalog\/wp-json\/wp\/v2\/product"}],"about":[{"href":"https:\/\/www.hirtenberg-apotheke.at\/katalog\/wp-json\/wp\/v2\/types\/product"}],"wp:featuredmedia":[{"embeddable":true,"href":"https:\/\/www.hirtenberg-apotheke.at\/katalog\/wp-json\/wp\/v2\/media\/25807"}],"wp:attachment":[{"href":"https:\/\/www.hirtenberg-apotheke.at\/katalog\/wp-json\/wp\/v2\/media?parent=25805"}],"wp:term":[{"taxonomy":"product_brand","embeddable":true,"href":"https:\/\/www.hirtenberg-apotheke.at\/katalog\/wp-json\/wp\/v2\/product_brand?post=25805"},{"taxonomy":"product_cat","embeddable":true,"href":"https:\/\/www.hirtenberg-apotheke.at\/katalog\/wp-json\/wp\/v2\/product_cat?post=25805"},{"taxonomy":"product_tag","embeddable":true,"href":"https:\/\/www.hirtenberg-apotheke.at\/katalog\/wp-json\/wp\/v2\/product_tag?post=25805"}],"curies":[{"name":"wp","href":"https:\/\/api.w.org\/{rel}","templated":true}]}}