{"id":25828,"date":"2025-11-25T19:57:00","date_gmt":"2025-11-25T18:57:00","guid":{"rendered":"https:\/\/www.hirtenberg-apotheke.at\/katalog\/produkt\/zahnseide-curaprox-flosspic-zahnstein-30-stk\/"},"modified":"2025-11-25T19:57:06","modified_gmt":"2025-11-25T18:57:06","slug":"zahnseide-curaprox-flosspic-zahnstein-30-stk","status":"publish","type":"product","link":"https:\/\/www.hirtenberg-apotheke.at\/katalog\/produkt\/zahnseide-curaprox-flosspic-zahnstein-30-stk\/","title":{"rendered":"Zahnseide Curaprox Flosspic Zahnstein 30 Stk."},"content":{"rendered":"<p>Zahnseide Curaprox Flosspic Zahnstein kombiniert Zahnseide und Zahnstocher in einem Produkt. Das Produkt ist ergonomisch gestaltet und unterst\u00fctzt die Mundhygiene. Karies und Zahnfleischprobleme k\u00f6nnen durch dieses Produkt verhindert werden. Der Sicherheitsgriff reduziert die Verletzungsgefahr. Eine aufgeraute Fl\u00e4che am Zahnstocher entfernt weichen Zahnstein.<\/p>\n","protected":false},"excerpt":{"rendered":"<p>Zahnseide Curaprox Flosspic Zahnstein kombiniert Zahnseide und Zahnstocher in einem Produkt. Das Produkt ist ergonomisch gestaltet und unterst\u00fctzt die Mundhygiene. Karies und Zahnfleischprobleme k\u00f6nnen durch dieses Produkt verhindert werden. Der Sicherheitsgriff reduziert die Verletzungsgefahr. Eine aufgeraute Fl\u00e4che am Zahnstocher entfernt weichen Zahnstein.<\/p>\n","protected":false},"featured_media":25830,"template":"","meta":{"_acf_changed":false},"product_brand":[877],"product_cat":[325],"product_tag":[],"class_list":{"0":"post-25828","1":"product","2":"type-product","3":"status-publish","4":"has-post-thumbnail","6":"product_brand-curaprox","7":"product_cat-z","8":"pa_packungsgroesse-30-stueck","10":"first","11":"instock","12":"shipping-taxable","13":"purchasable","14":"product-type-simple"},"acf":[],"_links":{"self":[{"href":"https:\/\/www.hirtenberg-apotheke.at\/katalog\/wp-json\/wp\/v2\/product\/25828","targetHints":{"allow":["GET"]}}],"collection":[{"href":"https:\/\/www.hirtenberg-apotheke.at\/katalog\/wp-json\/wp\/v2\/product"}],"about":[{"href":"https:\/\/www.hirtenberg-apotheke.at\/katalog\/wp-json\/wp\/v2\/types\/product"}],"wp:featuredmedia":[{"embeddable":true,"href":"https:\/\/www.hirtenberg-apotheke.at\/katalog\/wp-json\/wp\/v2\/media\/25830"}],"wp:attachment":[{"href":"https:\/\/www.hirtenberg-apotheke.at\/katalog\/wp-json\/wp\/v2\/media?parent=25828"}],"wp:term":[{"taxonomy":"product_brand","embeddable":true,"href":"https:\/\/www.hirtenberg-apotheke.at\/katalog\/wp-json\/wp\/v2\/product_brand?post=25828"},{"taxonomy":"product_cat","embeddable":true,"href":"https:\/\/www.hirtenberg-apotheke.at\/katalog\/wp-json\/wp\/v2\/product_cat?post=25828"},{"taxonomy":"product_tag","embeddable":true,"href":"https:\/\/www.hirtenberg-apotheke.at\/katalog\/wp-json\/wp\/v2\/product_tag?post=25828"}],"curies":[{"name":"wp","href":"https:\/\/api.w.org\/{rel}","templated":true}]}}