{"id":25978,"date":"2025-11-25T19:58:41","date_gmt":"2025-11-25T18:58:41","guid":{"rendered":"https:\/\/www.hirtenberg-apotheke.at\/katalog\/produkt\/curaprox-buerstenhalter-420-duo-silver-1-stk\/"},"modified":"2025-11-25T19:58:52","modified_gmt":"2025-11-25T18:58:52","slug":"curaprox-buerstenhalter-420-duo-silver-1-stk","status":"publish","type":"product","link":"https:\/\/www.hirtenberg-apotheke.at\/katalog\/produkt\/curaprox-buerstenhalter-420-duo-silver-1-stk\/","title":{"rendered":"Curaprox B\u00fcrstenhalter 420 Duo Silver 1 Stk."},"content":{"rendered":"<p>Curaprox B\u00fcrstenhalter 420 Duo Sil ist passend f\u00fcr jede Interdentalb\u00fcrste von Curaprox, und so ist ein Einfaches, den ganz pers\u00f6nlichen Lieblingshalter zu finden: abgewinkelt oder gerade, mit Click. Gerade bei Seitenz\u00e4hnen sorgen die abgewinkelten Halter f\u00fcr eine besonders einfache Anwendung.<\/p>\n","protected":false},"excerpt":{"rendered":"<p>Curaprox B\u00fcrstenhalter 420 Duo Sil ist passend f\u00fcr jede Interdentalb\u00fcrste von Curaprox, und so ist ein Einfaches, den ganz pers\u00f6nlichen Lieblingshalter zu finden: abgewinkelt oder gerade, mit Click. Gerade bei Seitenz\u00e4hnen sorgen die abgewinkelten Halter f\u00fcr eine besonders einfache Anwendung.<\/p>\n","protected":false},"featured_media":25980,"template":"","meta":{"_acf_changed":false},"product_brand":[877],"product_cat":[337],"product_tag":[],"class_list":{"0":"post-25978","1":"product","2":"type-product","3":"status-publish","4":"has-post-thumbnail","6":"product_brand-curaprox","7":"product_cat-c","8":"pa_packungsgroesse-1-stueck","10":"first","11":"instock","12":"shipping-taxable","13":"purchasable","14":"product-type-simple"},"acf":[],"_links":{"self":[{"href":"https:\/\/www.hirtenberg-apotheke.at\/katalog\/wp-json\/wp\/v2\/product\/25978","targetHints":{"allow":["GET"]}}],"collection":[{"href":"https:\/\/www.hirtenberg-apotheke.at\/katalog\/wp-json\/wp\/v2\/product"}],"about":[{"href":"https:\/\/www.hirtenberg-apotheke.at\/katalog\/wp-json\/wp\/v2\/types\/product"}],"wp:featuredmedia":[{"embeddable":true,"href":"https:\/\/www.hirtenberg-apotheke.at\/katalog\/wp-json\/wp\/v2\/media\/25980"}],"wp:attachment":[{"href":"https:\/\/www.hirtenberg-apotheke.at\/katalog\/wp-json\/wp\/v2\/media?parent=25978"}],"wp:term":[{"taxonomy":"product_brand","embeddable":true,"href":"https:\/\/www.hirtenberg-apotheke.at\/katalog\/wp-json\/wp\/v2\/product_brand?post=25978"},{"taxonomy":"product_cat","embeddable":true,"href":"https:\/\/www.hirtenberg-apotheke.at\/katalog\/wp-json\/wp\/v2\/product_cat?post=25978"},{"taxonomy":"product_tag","embeddable":true,"href":"https:\/\/www.hirtenberg-apotheke.at\/katalog\/wp-json\/wp\/v2\/product_tag?post=25978"}],"curies":[{"name":"wp","href":"https:\/\/api.w.org\/{rel}","templated":true}]}}