{"id":26100,"date":"2025-11-25T20:00:15","date_gmt":"2025-11-25T19:00:15","guid":{"rendered":"https:\/\/www.hirtenberg-apotheke.at\/katalog\/produkt\/curasept-faerbe-tabletten-12-stk\/"},"modified":"2025-11-25T20:00:22","modified_gmt":"2025-11-25T19:00:22","slug":"curasept-faerbe-tabletten-12-stk","status":"publish","type":"product","link":"https:\/\/www.hirtenberg-apotheke.at\/katalog\/produkt\/curasept-faerbe-tabletten-12-stk\/","title":{"rendered":"Curasept F\u00e4rbe Tabletten 12 Stk."},"content":{"rendered":"<p>Curasept F\u00e4rbe Tabletten dienen zum Sichtbarmachen von Zahnbel\u00e4gen. Sie f\u00e4rben \u00e4ltere Plaque blau, neue Plaque rot und sind f\u00fcr Kinder ab 3 Jahre geeignet. Mit Frucht-Geschmack.<\/p>\n","protected":false},"excerpt":{"rendered":"<p>Curasept F\u00e4rbe Tabletten dienen zum Sichtbarmachen von Zahnbel\u00e4gen. Sie f\u00e4rben \u00e4ltere Plaque blau, neue Plaque rot und sind f\u00fcr Kinder ab 3 Jahre geeignet. Mit Frucht-Geschmack.<\/p>\n","protected":false},"featured_media":26102,"template":"","meta":{"_acf_changed":false},"product_brand":[877],"product_cat":[337],"product_tag":[],"class_list":{"0":"post-26100","1":"product","2":"type-product","3":"status-publish","4":"has-post-thumbnail","6":"product_brand-curaprox","7":"product_cat-c","8":"pa_packungsgroesse-12-stueck","10":"first","11":"instock","12":"shipping-taxable","13":"purchasable","14":"product-type-simple"},"acf":[],"_links":{"self":[{"href":"https:\/\/www.hirtenberg-apotheke.at\/katalog\/wp-json\/wp\/v2\/product\/26100","targetHints":{"allow":["GET"]}}],"collection":[{"href":"https:\/\/www.hirtenberg-apotheke.at\/katalog\/wp-json\/wp\/v2\/product"}],"about":[{"href":"https:\/\/www.hirtenberg-apotheke.at\/katalog\/wp-json\/wp\/v2\/types\/product"}],"wp:featuredmedia":[{"embeddable":true,"href":"https:\/\/www.hirtenberg-apotheke.at\/katalog\/wp-json\/wp\/v2\/media\/26102"}],"wp:attachment":[{"href":"https:\/\/www.hirtenberg-apotheke.at\/katalog\/wp-json\/wp\/v2\/media?parent=26100"}],"wp:term":[{"taxonomy":"product_brand","embeddable":true,"href":"https:\/\/www.hirtenberg-apotheke.at\/katalog\/wp-json\/wp\/v2\/product_brand?post=26100"},{"taxonomy":"product_cat","embeddable":true,"href":"https:\/\/www.hirtenberg-apotheke.at\/katalog\/wp-json\/wp\/v2\/product_cat?post=26100"},{"taxonomy":"product_tag","embeddable":true,"href":"https:\/\/www.hirtenberg-apotheke.at\/katalog\/wp-json\/wp\/v2\/product_tag?post=26100"}],"curies":[{"name":"wp","href":"https:\/\/api.w.org\/{rel}","templated":true}]}}