{"id":26162,"date":"2025-11-25T20:00:39","date_gmt":"2025-11-25T19:00:39","guid":{"rendered":"https:\/\/www.hirtenberg-apotheke.at\/katalog\/produkt\/gall-pharma-parodont-kapseln-180-stk\/"},"modified":"2025-11-25T20:01:05","modified_gmt":"2025-11-25T19:01:05","slug":"gall-pharma-parodont-kapseln-180-stk","status":"publish","type":"product","link":"https:\/\/www.hirtenberg-apotheke.at\/katalog\/produkt\/gall-pharma-parodont-kapseln-180-stk\/","title":{"rendered":"Gall Pharma Parodont Kapseln 180 Stk."},"content":{"rendered":"<p>Gall Pharma Parodont Kapseln 180 Stk. verleihen dem Bindegewebe durch Glucosaminsulfat und Gelatine Stabilit\u00e4t und Elastizit\u00e4t. Daneben ist Kieselerde wesentlich f\u00fcr den Aufbau und die Spannkraft des Gewebes und unterst\u00fctzt somit die Festigkeit des Gewebes. Das Spurenelement Zink und Vitamin C erg\u00e4nzen diese Kombination. Sie wirken Entz\u00fcndungen entgegen und f\u00f6rdern die Regeneration des Gewebes. Insbesondere Zink ist f\u00fcr die Neubildung von Hautgewebe unerl\u00e4sslich. Zudem unterst\u00fctzen Vitamin C und Zink das Immunsystem.<\/p>\n","protected":false},"excerpt":{"rendered":"<p>Gall Pharma Parodont Kapseln 180 Stk. verleihen dem Bindegewebe durch Glucosaminsulfat und Gelatine Stabilit\u00e4t und Elastizit\u00e4t. Daneben ist Kieselerde wesentlich f\u00fcr den Aufbau und die Spannkraft des Gewebes und unterst\u00fctzt somit die Festigkeit des Gewebes. Das Spurenelement Zink und Vitamin C erg\u00e4nzen diese Kombination. Sie wirken Entz\u00fcndungen entgegen und f\u00f6rdern die Regeneration des Gewebes. Insbesondere [&hellip;]<\/p>\n","protected":false},"featured_media":0,"template":"","meta":{"_acf_changed":false},"product_brand":[316],"product_cat":[328],"product_tag":[],"class_list":{"0":"post-26162","1":"product","2":"type-product","3":"status-publish","5":"product_brand-gall-pharma","6":"product_cat-g","7":"pa_packungsgroesse-180-stueck","9":"first","10":"instock","11":"shipping-taxable","12":"purchasable","13":"product-type-simple"},"acf":[],"_links":{"self":[{"href":"https:\/\/www.hirtenberg-apotheke.at\/katalog\/wp-json\/wp\/v2\/product\/26162","targetHints":{"allow":["GET"]}}],"collection":[{"href":"https:\/\/www.hirtenberg-apotheke.at\/katalog\/wp-json\/wp\/v2\/product"}],"about":[{"href":"https:\/\/www.hirtenberg-apotheke.at\/katalog\/wp-json\/wp\/v2\/types\/product"}],"wp:attachment":[{"href":"https:\/\/www.hirtenberg-apotheke.at\/katalog\/wp-json\/wp\/v2\/media?parent=26162"}],"wp:term":[{"taxonomy":"product_brand","embeddable":true,"href":"https:\/\/www.hirtenberg-apotheke.at\/katalog\/wp-json\/wp\/v2\/product_brand?post=26162"},{"taxonomy":"product_cat","embeddable":true,"href":"https:\/\/www.hirtenberg-apotheke.at\/katalog\/wp-json\/wp\/v2\/product_cat?post=26162"},{"taxonomy":"product_tag","embeddable":true,"href":"https:\/\/www.hirtenberg-apotheke.at\/katalog\/wp-json\/wp\/v2\/product_tag?post=26162"}],"curies":[{"name":"wp","href":"https:\/\/api.w.org\/{rel}","templated":true}]}}