{"id":26218,"date":"2025-11-25T20:01:39","date_gmt":"2025-11-25T19:01:39","guid":{"rendered":"https:\/\/www.hirtenberg-apotheke.at\/katalog\/produkt\/original-popp-zahnsalz-50-g\/"},"modified":"2025-11-25T20:01:43","modified_gmt":"2025-11-25T19:01:43","slug":"original-popp-zahnsalz-50-g","status":"publish","type":"product","link":"https:\/\/www.hirtenberg-apotheke.at\/katalog\/produkt\/original-popp-zahnsalz-50-g\/","title":{"rendered":"Original Popp Zahnsalz 50 g"},"content":{"rendered":"<p>Original Popp Zahnsalz ist ein erstklassiges Zahnpflegemittel f\u00fcr gesundes Zahnfleisch und sch\u00f6ne Z\u00e4hne mit Salz aus dem Toten Meer. Durch die Verwendung dieses Produktes wird eine schonenende und nat\u00fcrliche Zahnpflege erreicht. Das Salz wird am besten angewendet, wenn es einfach auf die feuchte Zahnb\u00fcrste gestreut wird, kurz einwirkt und man danach putzt.<\/p>\n","protected":false},"excerpt":{"rendered":"<p>Original Popp Zahnsalz ist ein erstklassiges Zahnpflegemittel f\u00fcr gesundes Zahnfleisch und sch\u00f6ne Z\u00e4hne mit Salz aus dem Toten Meer. Durch die Verwendung dieses Produktes wird eine schonenende und nat\u00fcrliche Zahnpflege erreicht. Das Salz wird am besten angewendet, wenn es einfach auf die feuchte Zahnb\u00fcrste gestreut wird, kurz einwirkt und man danach putzt.<\/p>\n","protected":false},"featured_media":0,"template":"","meta":{"_acf_changed":false},"product_brand":[],"product_cat":[349],"product_tag":[],"class_list":{"0":"post-26218","1":"product","2":"type-product","3":"status-publish","5":"product_cat-o","6":"pa_packungsgroesse-50g","8":"first","9":"instock","10":"shipping-taxable","11":"purchasable","12":"product-type-simple"},"acf":[],"_links":{"self":[{"href":"https:\/\/www.hirtenberg-apotheke.at\/katalog\/wp-json\/wp\/v2\/product\/26218","targetHints":{"allow":["GET"]}}],"collection":[{"href":"https:\/\/www.hirtenberg-apotheke.at\/katalog\/wp-json\/wp\/v2\/product"}],"about":[{"href":"https:\/\/www.hirtenberg-apotheke.at\/katalog\/wp-json\/wp\/v2\/types\/product"}],"wp:attachment":[{"href":"https:\/\/www.hirtenberg-apotheke.at\/katalog\/wp-json\/wp\/v2\/media?parent=26218"}],"wp:term":[{"taxonomy":"product_brand","embeddable":true,"href":"https:\/\/www.hirtenberg-apotheke.at\/katalog\/wp-json\/wp\/v2\/product_brand?post=26218"},{"taxonomy":"product_cat","embeddable":true,"href":"https:\/\/www.hirtenberg-apotheke.at\/katalog\/wp-json\/wp\/v2\/product_cat?post=26218"},{"taxonomy":"product_tag","embeddable":true,"href":"https:\/\/www.hirtenberg-apotheke.at\/katalog\/wp-json\/wp\/v2\/product_tag?post=26218"}],"curies":[{"name":"wp","href":"https:\/\/api.w.org\/{rel}","templated":true}]}}