{"id":26226,"date":"2025-11-25T20:01:39","date_gmt":"2025-11-25T19:01:39","guid":{"rendered":"https:\/\/www.hirtenberg-apotheke.at\/katalog\/produkt\/vitis-orthodontic-mundspuelung-500-ml\/"},"modified":"2025-11-25T20:01:49","modified_gmt":"2025-11-25T19:01:49","slug":"vitis-orthodontic-mundspuelung-500-ml","status":"publish","type":"product","link":"https:\/\/www.hirtenberg-apotheke.at\/katalog\/produkt\/vitis-orthodontic-mundspuelung-500-ml\/","title":{"rendered":"Vitis Orthodontic Mundsp\u00fclung 500 ml"},"content":{"rendered":"<p>Vitis Orthodontic Mundsp\u00fclung ist ein Mundwasser, das zur erg\u00e4nzenden Pflege f\u00fcr Zahnspangentr\u00e4gern entwickelt wurde. Es sch\u00fctzt vor Zahnfleischentz\u00fcndungen, beugt Karies vor, sch\u00fctzt die Mundschleimhaut und sorgt f\u00fcr frischen Atem.<\/p>\n","protected":false},"excerpt":{"rendered":"<p>Vitis Orthodontic Mundsp\u00fclung ist ein Mundwasser, das zur erg\u00e4nzenden Pflege f\u00fcr Zahnspangentr\u00e4gern entwickelt wurde. Es sch\u00fctzt vor Zahnfleischentz\u00fcndungen, beugt Karies vor, sch\u00fctzt die Mundschleimhaut und sorgt f\u00fcr frischen Atem.<\/p>\n","protected":false},"featured_media":0,"template":"","meta":{"_acf_changed":false},"product_brand":[],"product_cat":[300],"product_tag":[],"class_list":{"0":"post-26226","1":"product","2":"type-product","3":"status-publish","5":"product_cat-v","6":"pa_packungsgroesse-500ml","8":"first","9":"instock","10":"shipping-taxable","11":"purchasable","12":"product-type-simple"},"acf":[],"_links":{"self":[{"href":"https:\/\/www.hirtenberg-apotheke.at\/katalog\/wp-json\/wp\/v2\/product\/26226","targetHints":{"allow":["GET"]}}],"collection":[{"href":"https:\/\/www.hirtenberg-apotheke.at\/katalog\/wp-json\/wp\/v2\/product"}],"about":[{"href":"https:\/\/www.hirtenberg-apotheke.at\/katalog\/wp-json\/wp\/v2\/types\/product"}],"wp:attachment":[{"href":"https:\/\/www.hirtenberg-apotheke.at\/katalog\/wp-json\/wp\/v2\/media?parent=26226"}],"wp:term":[{"taxonomy":"product_brand","embeddable":true,"href":"https:\/\/www.hirtenberg-apotheke.at\/katalog\/wp-json\/wp\/v2\/product_brand?post=26226"},{"taxonomy":"product_cat","embeddable":true,"href":"https:\/\/www.hirtenberg-apotheke.at\/katalog\/wp-json\/wp\/v2\/product_cat?post=26226"},{"taxonomy":"product_tag","embeddable":true,"href":"https:\/\/www.hirtenberg-apotheke.at\/katalog\/wp-json\/wp\/v2\/product_tag?post=26226"}],"curies":[{"name":"wp","href":"https:\/\/api.w.org\/{rel}","templated":true}]}}