{"id":26313,"date":"2025-11-25T20:39:48","date_gmt":"2025-11-25T19:39:48","guid":{"rendered":"https:\/\/www.hirtenberg-apotheke.at\/katalog\/produkt\/yotuel-mundwasser-weissmacher-mundspuelung-250-ml\/"},"modified":"2025-11-25T20:39:58","modified_gmt":"2025-11-25T19:39:58","slug":"yotuel-mundwasser-weissmacher-mundspuelung-250-ml","status":"publish","type":"product","link":"https:\/\/www.hirtenberg-apotheke.at\/katalog\/produkt\/yotuel-mundwasser-weissmacher-mundspuelung-250-ml\/","title":{"rendered":"Yotuel Mundwasser Wei\u00dfmacher Mundsp\u00fclung 250 ml"},"content":{"rendered":"<p>Yotuel Mundwasser Wei\u00dfmacher Mundsp\u00fclung beseitigt Zahnbelag und bek\u00e4mpft Karies mit Xylitol. F\u00f6rdert die Remineralisierung des Schmelzes und hilft, die Mundschleimhaut zu regenerieren. Gibt Minze-frischen Atem.<\/p>\n","protected":false},"excerpt":{"rendered":"<p>Yotuel Mundwasser Wei\u00dfmacher Mundsp\u00fclung beseitigt Zahnbelag und bek\u00e4mpft Karies mit Xylitol. F\u00f6rdert die Remineralisierung des Schmelzes und hilft, die Mundschleimhaut zu regenerieren. Gibt Minze-frischen Atem.<\/p>\n","protected":false},"featured_media":26315,"template":"","meta":{"_acf_changed":false},"product_brand":[],"product_cat":[615],"product_tag":[],"class_list":{"0":"post-26313","1":"product","2":"type-product","3":"status-publish","4":"has-post-thumbnail","6":"product_cat-y","7":"pa_packungsgroesse-250ml","9":"first","10":"instock","11":"shipping-taxable","12":"purchasable","13":"product-type-simple"},"acf":[],"_links":{"self":[{"href":"https:\/\/www.hirtenberg-apotheke.at\/katalog\/wp-json\/wp\/v2\/product\/26313","targetHints":{"allow":["GET"]}}],"collection":[{"href":"https:\/\/www.hirtenberg-apotheke.at\/katalog\/wp-json\/wp\/v2\/product"}],"about":[{"href":"https:\/\/www.hirtenberg-apotheke.at\/katalog\/wp-json\/wp\/v2\/types\/product"}],"wp:featuredmedia":[{"embeddable":true,"href":"https:\/\/www.hirtenberg-apotheke.at\/katalog\/wp-json\/wp\/v2\/media\/26315"}],"wp:attachment":[{"href":"https:\/\/www.hirtenberg-apotheke.at\/katalog\/wp-json\/wp\/v2\/media?parent=26313"}],"wp:term":[{"taxonomy":"product_brand","embeddable":true,"href":"https:\/\/www.hirtenberg-apotheke.at\/katalog\/wp-json\/wp\/v2\/product_brand?post=26313"},{"taxonomy":"product_cat","embeddable":true,"href":"https:\/\/www.hirtenberg-apotheke.at\/katalog\/wp-json\/wp\/v2\/product_cat?post=26313"},{"taxonomy":"product_tag","embeddable":true,"href":"https:\/\/www.hirtenberg-apotheke.at\/katalog\/wp-json\/wp\/v2\/product_tag?post=26313"}],"curies":[{"name":"wp","href":"https:\/\/api.w.org\/{rel}","templated":true}]}}