{"id":26394,"date":"2025-11-25T20:40:32","date_gmt":"2025-11-25T19:40:32","guid":{"rendered":"https:\/\/www.hirtenberg-apotheke.at\/katalog\/produkt\/bony-plus-swc-spezial-haftmittel-1-stk\/"},"modified":"2025-11-25T20:40:52","modified_gmt":"2025-11-25T19:40:52","slug":"bony-plus-swc-spezial-haftmittel-1-stk","status":"publish","type":"product","link":"https:\/\/www.hirtenberg-apotheke.at\/katalog\/produkt\/bony-plus-swc-spezial-haftmittel-1-stk\/","title":{"rendered":"Bony Plus Swc spezial Haftmittel 1 Stk."},"content":{"rendered":"<p>Wenn die Dritten wackeln!Schlecht sitzende Zahnprothesen bekommen durch das SWC-Spezialhaftmittel von BonyPlus wieder einen festen, sicheren Sitz. Wackeln, Dr\u00fccken, Schmerzen werden beseitigt. Im Gegensatz zu Haftcreme beseitigt SWC-Spezialhaftmittel von BonyPlus die Ursache.Die Vorteile von SWC:\u2022 Beseitigt Wackeln, Schmerzen, Dr\u00fccken\u2022 Das t\u00e4gliche Auftragen von Haftcreme ist nicht mehr n\u00f6tig\u2022 Wird nur 1x im Monat angewendet und h\u00e4lt dann ca. 4 Wochen\u2022 Zum S\u00e4ubern kann die Prothese jederzeit rausgenommen werden\u2022 L\u00f6st sich beim Essen und Trinken nicht aus der Prothese\u2022 Ist geschmacks- und geruchsneutral \u2022 Verhindert den Bruch der Prothese \u2022 L\u00e4sst sich nach 4 Wochen leicht entfernen Warum wackeln ZahnprothesenVer\u00e4nderungen des Ober- oder Unterkiefers k\u00f6nnen die Ursache f\u00fcr schlecht sitzende Zahnprothesen sein. Wackeln, Dr\u00fccken, Schmerzen sind die Probleme, die sich daraus ergeben. Auch ein Bruch ist bei schlecht sitzenden Prothesen durch den enormen Druck beim Kauen jederzeit m\u00f6glich. SWC-Spezialhaftmittel beseitigt die UrsacheIm Gegensatz zu Haftcremes beseitigt SWC-Spezialhaftmittel von BonyPlus die Ursache des schlechten Sitzes. SWC-Spezialhaftmittel von BonyPlus in die Prothese gie\u00dfen, eine exakte Kopie des Gaumens oder Unterkiefers entsteht. Kein Wackeln, kein Dr\u00fccken, keine Schmerzen mehr. Die Dritten sitzen wieder fest am Ober- oder Unterkiefer. Einmal angewendet, ben\u00f6tigen Sie 4 Wochen keine Haftcreme. Die Zahnprothese saugt sich durch den guten Sitz von selbst am Ober- oder Unterkiefer fest. Eingeschr\u00e4nktes Essverhalten ist nicht mehr n\u00f6tig. Da SWC-Spezialhaftmittel von BonyPlus nicht weggesp\u00fclt wird, ist selbst der Genuss von warmen Speisen oder Getr\u00e4nken ohne Einschr\u00e4nkung wieder m\u00f6glich.Deutlich verbesserte KaufunktionEine deutlich verbesserte Kaufunktion erm\u00f6glicht wieder kraftvolles Zubei\u00dfen. SWC-Spezialhaftmittel von BonyPlus vermittelt ein nie gekanntes Tragegef\u00fchl. Zum Reinigen k\u00f6nnen Sie die Zahnprothese jederzeit rausnehmen, hygienisch s\u00e4ubern und einfach wieder einsetzen. SWC-Spezialhaftmittel von BonyPlus ist eine Weichunterf\u00fctterung, die sich nach ungef\u00e4hr 4 Wochen wieder leicht entfernen l\u00e4sst. Schwierige Unterkieferverh\u00e4ltnisseWenig Kiefermasse bzw. wenig Zahnfleisch beeintr\u00e4chtigen einen festen, sicheren Sitz der Unterkieferprothese. Der Zahntechniker hat in dieser schwierigen Situation oft keine M\u00f6glichkeit eine Zahnprothese mit ausreichendem Funktionsrand herzustellen. F\u00fcr einen sicheren, festen Sitz der Zahnprothese wird aber gerade dieser Funktionsrand ben\u00f6tigt. Bitte beachten Sie hierzu unsere Anwendungsanleitung. Kombinieren Sie SWC mit HaftcremeF\u00fcr Unterkieferzahnprothesen ohne Funktionsrand geben wir daher folgende Empfehlung: Kein Funktionsrand, die Zahnprothese wackelt, dr\u00fcckt, schmerzt und haftet nicht. In diesem Fall benutzen Sie SWC-Spezialhaftmittel von BonyPlus f\u00fcr einen schmerzfreien, angenehmen Sitz. Testen Sie, ob eine Haftung gegeben ist. Wenn nicht, kombinieren Sie bitte SWC-Spezialhaftmittel von BonyPlus mit der neuen Superstarken Haftcreme von BonyPlus. Sparsam aufgetragen wird die n\u00f6tige Haftung erzielt. Ergebnis: kein Wackeln, kein Dr\u00fccken, keine Schmerzen \u2013 und ein fester Sitz den ganzen Tag.Kein Funktionsrand, die Zahnprothese haftet nicht. Bitte verwenden Sie in diesem Fall nur die Superstarke Haftcreme von BonyPlus.<\/p>\n","protected":false},"excerpt":{"rendered":"<p>Wenn die Dritten wackeln!Schlecht sitzende Zahnprothesen bekommen durch das SWC-Spezialhaftmittel von BonyPlus wieder einen festen, sicheren Sitz. Wackeln, Dr\u00fccken, Schmerzen werden beseitigt. Im Gegensatz zu Haftcreme beseitigt SWC-Spezialhaftmittel von BonyPlus die Ursache.Die Vorteile von SWC:\u2022 Beseitigt Wackeln, Schmerzen, Dr\u00fccken\u2022 Das t\u00e4gliche Auftragen von Haftcreme ist nicht mehr n\u00f6tig\u2022 Wird nur 1x im Monat angewendet und [&hellip;]<\/p>\n","protected":false},"featured_media":26396,"template":"","meta":{"_acf_changed":false},"product_brand":[],"product_cat":[292],"product_tag":[],"class_list":{"0":"post-26394","1":"product","2":"type-product","3":"status-publish","4":"has-post-thumbnail","6":"product_cat-b","7":"pa_packungsgroesse-1-stueck","9":"first","10":"instock","11":"shipping-taxable","12":"purchasable","13":"product-type-simple"},"acf":[],"_links":{"self":[{"href":"https:\/\/www.hirtenberg-apotheke.at\/katalog\/wp-json\/wp\/v2\/product\/26394","targetHints":{"allow":["GET"]}}],"collection":[{"href":"https:\/\/www.hirtenberg-apotheke.at\/katalog\/wp-json\/wp\/v2\/product"}],"about":[{"href":"https:\/\/www.hirtenberg-apotheke.at\/katalog\/wp-json\/wp\/v2\/types\/product"}],"wp:featuredmedia":[{"embeddable":true,"href":"https:\/\/www.hirtenberg-apotheke.at\/katalog\/wp-json\/wp\/v2\/media\/26396"}],"wp:attachment":[{"href":"https:\/\/www.hirtenberg-apotheke.at\/katalog\/wp-json\/wp\/v2\/media?parent=26394"}],"wp:term":[{"taxonomy":"product_brand","embeddable":true,"href":"https:\/\/www.hirtenberg-apotheke.at\/katalog\/wp-json\/wp\/v2\/product_brand?post=26394"},{"taxonomy":"product_cat","embeddable":true,"href":"https:\/\/www.hirtenberg-apotheke.at\/katalog\/wp-json\/wp\/v2\/product_cat?post=26394"},{"taxonomy":"product_tag","embeddable":true,"href":"https:\/\/www.hirtenberg-apotheke.at\/katalog\/wp-json\/wp\/v2\/product_tag?post=26394"}],"curies":[{"name":"wp","href":"https:\/\/api.w.org\/{rel}","templated":true}]}}