{"id":26442,"date":"2025-11-25T20:41:15","date_gmt":"2025-11-25T19:41:15","guid":{"rendered":"https:\/\/www.hirtenberg-apotheke.at\/katalog\/produkt\/zahnseide-miradent-mirafloss-fine-50-stk\/"},"modified":"2025-11-25T20:41:41","modified_gmt":"2025-11-25T19:41:41","slug":"zahnseide-miradent-mirafloss-fine-50-stk","status":"publish","type":"product","link":"https:\/\/www.hirtenberg-apotheke.at\/katalog\/produkt\/zahnseide-miradent-mirafloss-fine-50-stk\/","title":{"rendered":"Zahnseide Miradent Mirafloss Fine 50 Stk."},"content":{"rendered":"<p>Zahnseide Miradent Mirafloss Fine eignet sich besonders gut zur Reinigung von Implantaten und Br\u00fccken. Starre Enden erleichtern das Einf\u00e4deln und das flauschige Mittelteil erm\u00f6glicht bestm\u00f6gliche Reinigung &#8211; Wir bieten Ihnen das Sortiment einer Standortapotheke, direkt zu Ihnen nach Hause geliefert!<\/p>\n","protected":false},"excerpt":{"rendered":"<p>Zahnseide Miradent Mirafloss Fine eignet sich besonders gut zur Reinigung von Implantaten und Br\u00fccken. Starre Enden erleichtern das Einf\u00e4deln und das flauschige Mittelteil erm\u00f6glicht bestm\u00f6gliche Reinigung &#8211; Wir bieten Ihnen das Sortiment einer Standortapotheke, direkt zu Ihnen nach Hause geliefert!<\/p>\n","protected":false},"featured_media":26444,"template":"","meta":{"_acf_changed":false},"product_brand":[863],"product_cat":[325],"product_tag":[],"class_list":{"0":"post-26442","1":"product","2":"type-product","3":"status-publish","4":"has-post-thumbnail","6":"product_brand-miradent","7":"product_cat-z","8":"pa_packungsgroesse-482","10":"first","11":"instock","12":"shipping-taxable","13":"purchasable","14":"product-type-simple"},"acf":[],"_links":{"self":[{"href":"https:\/\/www.hirtenberg-apotheke.at\/katalog\/wp-json\/wp\/v2\/product\/26442","targetHints":{"allow":["GET"]}}],"collection":[{"href":"https:\/\/www.hirtenberg-apotheke.at\/katalog\/wp-json\/wp\/v2\/product"}],"about":[{"href":"https:\/\/www.hirtenberg-apotheke.at\/katalog\/wp-json\/wp\/v2\/types\/product"}],"wp:featuredmedia":[{"embeddable":true,"href":"https:\/\/www.hirtenberg-apotheke.at\/katalog\/wp-json\/wp\/v2\/media\/26444"}],"wp:attachment":[{"href":"https:\/\/www.hirtenberg-apotheke.at\/katalog\/wp-json\/wp\/v2\/media?parent=26442"}],"wp:term":[{"taxonomy":"product_brand","embeddable":true,"href":"https:\/\/www.hirtenberg-apotheke.at\/katalog\/wp-json\/wp\/v2\/product_brand?post=26442"},{"taxonomy":"product_cat","embeddable":true,"href":"https:\/\/www.hirtenberg-apotheke.at\/katalog\/wp-json\/wp\/v2\/product_cat?post=26442"},{"taxonomy":"product_tag","embeddable":true,"href":"https:\/\/www.hirtenberg-apotheke.at\/katalog\/wp-json\/wp\/v2\/product_tag?post=26442"}],"curies":[{"name":"wp","href":"https:\/\/api.w.org\/{rel}","templated":true}]}}