{"id":26525,"date":"2025-11-25T20:41:50","date_gmt":"2025-11-25T19:41:50","guid":{"rendered":"https:\/\/www.hirtenberg-apotheke.at\/katalog\/produkt\/primavera-aetherisches-oel-pfefferminze-5-ml\/"},"modified":"2025-11-25T20:42:03","modified_gmt":"2025-11-25T19:42:03","slug":"primavera-aetherisches-oel-pfefferminze-5-ml","status":"publish","type":"product","link":"https:\/\/www.hirtenberg-apotheke.at\/katalog\/produkt\/primavera-aetherisches-oel-pfefferminze-5-ml\/","title":{"rendered":"Primavera \u00c4therisches \u00d6l Pfefferminze 5 ml"},"content":{"rendered":"<p>In der Naturheilkunde findet die Pfefferminze Verwendung bei Magen-, Erk\u00e4ltungs- und Muskelbeschwerden &#8211; mit hohem Rabatt bestellen!<\/p>\n","protected":false},"excerpt":{"rendered":"<p>In der Naturheilkunde findet die Pfefferminze Verwendung bei Magen-, Erk\u00e4ltungs- und Muskelbeschwerden &#8211; mit hohem Rabatt bestellen!<\/p>\n","protected":false},"featured_media":26527,"template":"","meta":{"_acf_changed":false},"product_brand":[807],"product_cat":[302],"product_tag":[],"class_list":{"0":"post-26525","1":"product","2":"type-product","3":"status-publish","4":"has-post-thumbnail","6":"product_brand-primavera","7":"product_cat-p","8":"pa_packungsgroesse-5ml","10":"first","11":"instock","12":"shipping-taxable","13":"purchasable","14":"product-type-simple"},"acf":[],"_links":{"self":[{"href":"https:\/\/www.hirtenberg-apotheke.at\/katalog\/wp-json\/wp\/v2\/product\/26525","targetHints":{"allow":["GET"]}}],"collection":[{"href":"https:\/\/www.hirtenberg-apotheke.at\/katalog\/wp-json\/wp\/v2\/product"}],"about":[{"href":"https:\/\/www.hirtenberg-apotheke.at\/katalog\/wp-json\/wp\/v2\/types\/product"}],"wp:featuredmedia":[{"embeddable":true,"href":"https:\/\/www.hirtenberg-apotheke.at\/katalog\/wp-json\/wp\/v2\/media\/26527"}],"wp:attachment":[{"href":"https:\/\/www.hirtenberg-apotheke.at\/katalog\/wp-json\/wp\/v2\/media?parent=26525"}],"wp:term":[{"taxonomy":"product_brand","embeddable":true,"href":"https:\/\/www.hirtenberg-apotheke.at\/katalog\/wp-json\/wp\/v2\/product_brand?post=26525"},{"taxonomy":"product_cat","embeddable":true,"href":"https:\/\/www.hirtenberg-apotheke.at\/katalog\/wp-json\/wp\/v2\/product_cat?post=26525"},{"taxonomy":"product_tag","embeddable":true,"href":"https:\/\/www.hirtenberg-apotheke.at\/katalog\/wp-json\/wp\/v2\/product_tag?post=26525"}],"curies":[{"name":"wp","href":"https:\/\/api.w.org\/{rel}","templated":true}]}}