{"id":26699,"date":"2025-11-25T20:43:56","date_gmt":"2025-11-25T19:43:56","guid":{"rendered":"https:\/\/www.hirtenberg-apotheke.at\/katalog\/produkt\/puressentiel-luftreiniger-spray-200-ml\/"},"modified":"2025-11-25T20:44:29","modified_gmt":"2025-11-25T19:44:29","slug":"puressentiel-luftreiniger-spray-200-ml","status":"publish","type":"product","link":"https:\/\/www.hirtenberg-apotheke.at\/katalog\/produkt\/puressentiel-luftreiniger-spray-200-ml\/","title":{"rendered":"Puressentiel Luftreiniger Spray 200 ml"},"content":{"rendered":"<p>Puressentiel Luftreiniger Spray 200 ml mit 41 \u00e4therischen \u00d6len sorgt auch in den kalten Wintermonaten f\u00fcr reinere Luft. Der neue, patentierte Luftreiniger von Puressentiel wirkt frisch in der Raumluft und sorgt f\u00fcr saubere Luft zum Atmen. Die Anwendung des 100% nat\u00fcrlichen Raumsprays ist bequem und umweltfreundlich, denn das Puressentiel Spray funktioniert ohne Treibgas<\/p>\n","protected":false},"excerpt":{"rendered":"<p>Puressentiel Luftreiniger Spray 200 ml mit 41 \u00e4therischen \u00d6len sorgt auch in den kalten Wintermonaten f\u00fcr reinere Luft. Der neue, patentierte Luftreiniger von Puressentiel wirkt frisch in der Raumluft und sorgt f\u00fcr saubere Luft zum Atmen. Die Anwendung des 100% nat\u00fcrlichen Raumsprays ist bequem und umweltfreundlich, denn das Puressentiel Spray funktioniert ohne Treibgas<\/p>\n","protected":false},"featured_media":26701,"template":"","meta":{"_acf_changed":false},"product_brand":[],"product_cat":[302],"product_tag":[],"class_list":{"0":"post-26699","1":"product","2":"type-product","3":"status-publish","4":"has-post-thumbnail","6":"product_cat-p","7":"pa_packungsgroesse-200ml","9":"first","10":"instock","11":"shipping-taxable","12":"purchasable","13":"product-type-simple"},"acf":[],"_links":{"self":[{"href":"https:\/\/www.hirtenberg-apotheke.at\/katalog\/wp-json\/wp\/v2\/product\/26699","targetHints":{"allow":["GET"]}}],"collection":[{"href":"https:\/\/www.hirtenberg-apotheke.at\/katalog\/wp-json\/wp\/v2\/product"}],"about":[{"href":"https:\/\/www.hirtenberg-apotheke.at\/katalog\/wp-json\/wp\/v2\/types\/product"}],"wp:featuredmedia":[{"embeddable":true,"href":"https:\/\/www.hirtenberg-apotheke.at\/katalog\/wp-json\/wp\/v2\/media\/26701"}],"wp:attachment":[{"href":"https:\/\/www.hirtenberg-apotheke.at\/katalog\/wp-json\/wp\/v2\/media?parent=26699"}],"wp:term":[{"taxonomy":"product_brand","embeddable":true,"href":"https:\/\/www.hirtenberg-apotheke.at\/katalog\/wp-json\/wp\/v2\/product_brand?post=26699"},{"taxonomy":"product_cat","embeddable":true,"href":"https:\/\/www.hirtenberg-apotheke.at\/katalog\/wp-json\/wp\/v2\/product_cat?post=26699"},{"taxonomy":"product_tag","embeddable":true,"href":"https:\/\/www.hirtenberg-apotheke.at\/katalog\/wp-json\/wp\/v2\/product_tag?post=26699"}],"curies":[{"name":"wp","href":"https:\/\/api.w.org\/{rel}","templated":true}]}}