{"id":26741,"date":"2025-11-25T20:44:34","date_gmt":"2025-11-25T19:44:34","guid":{"rendered":"https:\/\/www.hirtenberg-apotheke.at\/katalog\/produkt\/taoasis-schlaf-gut-oel-5-ml\/"},"modified":"2025-11-25T20:44:56","modified_gmt":"2025-11-25T19:44:56","slug":"taoasis-schlaf-gut-oel-5-ml","status":"publish","type":"product","link":"https:\/\/www.hirtenberg-apotheke.at\/katalog\/produkt\/taoasis-schlaf-gut-oel-5-ml\/","title":{"rendered":"Taoasis Schlaf Gut \u00d6l 5 ml"},"content":{"rendered":"<p>Taoasis Schlaf Gut \u00d6l 5 ml verleiht dem Raum den idealen Duft zum Einschlafen &#8211; f\u00fcr gro\u00dfe und kleine Kinder. Der angenehme Duft mit Lavendel, Orange, Ylang Ylang, Benzoe und Vanille schenkt Ihnen Geborgenheit.<\/p>\n","protected":false},"excerpt":{"rendered":"<p>Taoasis Schlaf Gut \u00d6l 5 ml verleiht dem Raum den idealen Duft zum Einschlafen &#8211; f\u00fcr gro\u00dfe und kleine Kinder. Der angenehme Duft mit Lavendel, Orange, Ylang Ylang, Benzoe und Vanille schenkt Ihnen Geborgenheit.<\/p>\n","protected":false},"featured_media":0,"template":"","meta":{"_acf_changed":false},"product_brand":[564],"product_cat":[319],"product_tag":[],"class_list":{"0":"post-26741","1":"product","2":"type-product","3":"status-publish","5":"product_brand-taoasis","6":"product_cat-t","7":"pa_packungsgroesse-5ml","9":"first","10":"instock","11":"shipping-taxable","12":"purchasable","13":"product-type-simple"},"acf":[],"_links":{"self":[{"href":"https:\/\/www.hirtenberg-apotheke.at\/katalog\/wp-json\/wp\/v2\/product\/26741","targetHints":{"allow":["GET"]}}],"collection":[{"href":"https:\/\/www.hirtenberg-apotheke.at\/katalog\/wp-json\/wp\/v2\/product"}],"about":[{"href":"https:\/\/www.hirtenberg-apotheke.at\/katalog\/wp-json\/wp\/v2\/types\/product"}],"wp:attachment":[{"href":"https:\/\/www.hirtenberg-apotheke.at\/katalog\/wp-json\/wp\/v2\/media?parent=26741"}],"wp:term":[{"taxonomy":"product_brand","embeddable":true,"href":"https:\/\/www.hirtenberg-apotheke.at\/katalog\/wp-json\/wp\/v2\/product_brand?post=26741"},{"taxonomy":"product_cat","embeddable":true,"href":"https:\/\/www.hirtenberg-apotheke.at\/katalog\/wp-json\/wp\/v2\/product_cat?post=26741"},{"taxonomy":"product_tag","embeddable":true,"href":"https:\/\/www.hirtenberg-apotheke.at\/katalog\/wp-json\/wp\/v2\/product_tag?post=26741"}],"curies":[{"name":"wp","href":"https:\/\/api.w.org\/{rel}","templated":true}]}}