{"id":26831,"date":"2025-11-25T20:45:54","date_gmt":"2025-11-25T19:45:54","guid":{"rendered":"https:\/\/www.hirtenberg-apotheke.at\/katalog\/produkt\/apofit-aetherisches-oel-thymian-rot-10-ml\/"},"modified":"2025-11-25T20:46:05","modified_gmt":"2025-11-25T19:46:05","slug":"apofit-aetherisches-oel-thymian-rot-10-ml","status":"publish","type":"product","link":"https:\/\/www.hirtenberg-apotheke.at\/katalog\/produkt\/apofit-aetherisches-oel-thymian-rot-10-ml\/","title":{"rendered":"Apofit \u00c4therisches \u00d6l Thymian Rot 10 ml"},"content":{"rendered":"<p>Apofit \u00c4therisches \u00d6l Thymian Rot ist bekannt f\u00fcr seine anregende, antibakterielle und antivirale Wirkung. In der Naturheilkunde wird Thymian zudem eingesetzt bei Erk\u00e4ltungs-, Muskel- und Gelenkbeschwerden sowie zur Verdauungsf\u00f6rderung und in der Mundpflege. Nicht zur Einnahme bestimmt!.<\/p>\n","protected":false},"excerpt":{"rendered":"<p>Apofit \u00c4therisches \u00d6l Thymian Rot ist bekannt f\u00fcr seine anregende, antibakterielle und antivirale Wirkung. In der Naturheilkunde wird Thymian zudem eingesetzt bei Erk\u00e4ltungs-, Muskel- und Gelenkbeschwerden sowie zur Verdauungsf\u00f6rderung und in der Mundpflege. Nicht zur Einnahme bestimmt!.<\/p>\n","protected":false},"featured_media":26833,"template":"","meta":{"_acf_changed":false},"product_brand":[571],"product_cat":[299],"product_tag":[],"class_list":{"0":"post-26831","1":"product","2":"type-product","3":"status-publish","4":"has-post-thumbnail","6":"product_brand-apofit","7":"product_cat-a","8":"pa_packungsgroesse-10ml","10":"first","11":"instock","12":"shipping-taxable","13":"purchasable","14":"product-type-simple"},"acf":[],"_links":{"self":[{"href":"https:\/\/www.hirtenberg-apotheke.at\/katalog\/wp-json\/wp\/v2\/product\/26831","targetHints":{"allow":["GET"]}}],"collection":[{"href":"https:\/\/www.hirtenberg-apotheke.at\/katalog\/wp-json\/wp\/v2\/product"}],"about":[{"href":"https:\/\/www.hirtenberg-apotheke.at\/katalog\/wp-json\/wp\/v2\/types\/product"}],"wp:featuredmedia":[{"embeddable":true,"href":"https:\/\/www.hirtenberg-apotheke.at\/katalog\/wp-json\/wp\/v2\/media\/26833"}],"wp:attachment":[{"href":"https:\/\/www.hirtenberg-apotheke.at\/katalog\/wp-json\/wp\/v2\/media?parent=26831"}],"wp:term":[{"taxonomy":"product_brand","embeddable":true,"href":"https:\/\/www.hirtenberg-apotheke.at\/katalog\/wp-json\/wp\/v2\/product_brand?post=26831"},{"taxonomy":"product_cat","embeddable":true,"href":"https:\/\/www.hirtenberg-apotheke.at\/katalog\/wp-json\/wp\/v2\/product_cat?post=26831"},{"taxonomy":"product_tag","embeddable":true,"href":"https:\/\/www.hirtenberg-apotheke.at\/katalog\/wp-json\/wp\/v2\/product_tag?post=26831"}],"curies":[{"name":"wp","href":"https:\/\/api.w.org\/{rel}","templated":true}]}}