{"id":26848,"date":"2025-11-25T20:45:54","date_gmt":"2025-11-25T19:45:54","guid":{"rendered":"https:\/\/www.hirtenberg-apotheke.at\/katalog\/produkt\/primavera-aetherisches-oel-wintergruen-bio-5-ml\/"},"modified":"2025-11-25T20:46:19","modified_gmt":"2025-11-25T19:46:19","slug":"primavera-aetherisches-oel-wintergruen-bio-5-ml","status":"publish","type":"product","link":"https:\/\/www.hirtenberg-apotheke.at\/katalog\/produkt\/primavera-aetherisches-oel-wintergruen-bio-5-ml\/","title":{"rendered":"Primavera \u00c4therisches \u00d6l  Wintergr\u00fcn bio 5 ml"},"content":{"rendered":"<p>\u00c4therisches \u00d6l Primavera duftet medizinisch-gr\u00fcn-warm. Das w\u00e4rmende Gelenk- und Muskel\u00f6l wirkt lindernd bei Muskelkater, Muskelverspannungen, Gelenkschmerzen, bei rheumatischen Erkrankungen, Arthritis, Arthrose und vielem mehr. Gemischt in Bio Pflege\u00f6l wirkt es wohltuend als durchblutungsf\u00f6rdernde Massage und Einreibung<\/p>\n","protected":false},"excerpt":{"rendered":"<p>\u00c4therisches \u00d6l Primavera duftet medizinisch-gr\u00fcn-warm. Das w\u00e4rmende Gelenk- und Muskel\u00f6l wirkt lindernd bei Muskelkater, Muskelverspannungen, Gelenkschmerzen, bei rheumatischen Erkrankungen, Arthritis, Arthrose und vielem mehr. Gemischt in Bio Pflege\u00f6l wirkt es wohltuend als durchblutungsf\u00f6rdernde Massage und Einreibung<\/p>\n","protected":false},"featured_media":26850,"template":"","meta":{"_acf_changed":false},"product_brand":[807],"product_cat":[302],"product_tag":[],"class_list":{"0":"post-26848","1":"product","2":"type-product","3":"status-publish","4":"has-post-thumbnail","6":"product_brand-primavera","7":"product_cat-p","8":"pa_packungsgroesse-5ml","10":"first","11":"instock","12":"shipping-taxable","13":"purchasable","14":"product-type-simple"},"acf":[],"_links":{"self":[{"href":"https:\/\/www.hirtenberg-apotheke.at\/katalog\/wp-json\/wp\/v2\/product\/26848","targetHints":{"allow":["GET"]}}],"collection":[{"href":"https:\/\/www.hirtenberg-apotheke.at\/katalog\/wp-json\/wp\/v2\/product"}],"about":[{"href":"https:\/\/www.hirtenberg-apotheke.at\/katalog\/wp-json\/wp\/v2\/types\/product"}],"wp:featuredmedia":[{"embeddable":true,"href":"https:\/\/www.hirtenberg-apotheke.at\/katalog\/wp-json\/wp\/v2\/media\/26850"}],"wp:attachment":[{"href":"https:\/\/www.hirtenberg-apotheke.at\/katalog\/wp-json\/wp\/v2\/media?parent=26848"}],"wp:term":[{"taxonomy":"product_brand","embeddable":true,"href":"https:\/\/www.hirtenberg-apotheke.at\/katalog\/wp-json\/wp\/v2\/product_brand?post=26848"},{"taxonomy":"product_cat","embeddable":true,"href":"https:\/\/www.hirtenberg-apotheke.at\/katalog\/wp-json\/wp\/v2\/product_cat?post=26848"},{"taxonomy":"product_tag","embeddable":true,"href":"https:\/\/www.hirtenberg-apotheke.at\/katalog\/wp-json\/wp\/v2\/product_tag?post=26848"}],"curies":[{"name":"wp","href":"https:\/\/api.w.org\/{rel}","templated":true}]}}