{"id":27256,"date":"2025-11-25T20:51:02","date_gmt":"2025-11-25T19:51:02","guid":{"rendered":"https:\/\/www.hirtenberg-apotheke.at\/katalog\/produkt\/puressentiel-sos-stress-roll-on-5-ml\/"},"modified":"2025-11-25T20:51:18","modified_gmt":"2025-11-25T19:51:18","slug":"puressentiel-sos-stress-roll-on-5-ml","status":"publish","type":"product","link":"https:\/\/www.hirtenberg-apotheke.at\/katalog\/produkt\/puressentiel-sos-stress-roll-on-5-ml\/","title":{"rendered":"Puressentiel SOS Stress Roll-on 5 ml"},"content":{"rendered":"<p>Puressentiel Stress Roll-on mit 12 beruhigenden, erholsamen und entspannenden \u00e4therischen \u00d6len hilft die Spannungen zu lockern und Bekommenheitsgef\u00fchle und Nervosit\u00e4t oder Verdrossenheitsgef\u00fchle im Alltag zu verschwinden &#8211; dieses und weitere Produkte von Puressentiel mit hohem Rabatt bestellen!<\/p>\n","protected":false},"excerpt":{"rendered":"<p>Puressentiel Stress Roll-on mit 12 beruhigenden, erholsamen und entspannenden \u00e4therischen \u00d6len hilft die Spannungen zu lockern und Bekommenheitsgef\u00fchle und Nervosit\u00e4t oder Verdrossenheitsgef\u00fchle im Alltag zu verschwinden &#8211; dieses und weitere Produkte von Puressentiel mit hohem Rabatt bestellen!<\/p>\n","protected":false},"featured_media":27258,"template":"","meta":{"_acf_changed":false},"product_brand":[],"product_cat":[302],"product_tag":[],"class_list":{"0":"post-27256","1":"product","2":"type-product","3":"status-publish","4":"has-post-thumbnail","6":"product_cat-p","7":"pa_packungsgroesse-5ml","9":"first","10":"instock","11":"shipping-taxable","12":"purchasable","13":"product-type-simple"},"acf":[],"_links":{"self":[{"href":"https:\/\/www.hirtenberg-apotheke.at\/katalog\/wp-json\/wp\/v2\/product\/27256","targetHints":{"allow":["GET"]}}],"collection":[{"href":"https:\/\/www.hirtenberg-apotheke.at\/katalog\/wp-json\/wp\/v2\/product"}],"about":[{"href":"https:\/\/www.hirtenberg-apotheke.at\/katalog\/wp-json\/wp\/v2\/types\/product"}],"wp:featuredmedia":[{"embeddable":true,"href":"https:\/\/www.hirtenberg-apotheke.at\/katalog\/wp-json\/wp\/v2\/media\/27258"}],"wp:attachment":[{"href":"https:\/\/www.hirtenberg-apotheke.at\/katalog\/wp-json\/wp\/v2\/media?parent=27256"}],"wp:term":[{"taxonomy":"product_brand","embeddable":true,"href":"https:\/\/www.hirtenberg-apotheke.at\/katalog\/wp-json\/wp\/v2\/product_brand?post=27256"},{"taxonomy":"product_cat","embeddable":true,"href":"https:\/\/www.hirtenberg-apotheke.at\/katalog\/wp-json\/wp\/v2\/product_cat?post=27256"},{"taxonomy":"product_tag","embeddable":true,"href":"https:\/\/www.hirtenberg-apotheke.at\/katalog\/wp-json\/wp\/v2\/product_tag?post=27256"}],"curies":[{"name":"wp","href":"https:\/\/api.w.org\/{rel}","templated":true}]}}