{"id":27389,"date":"2025-11-25T20:52:42","date_gmt":"2025-11-25T19:52:42","guid":{"rendered":"https:\/\/www.hirtenberg-apotheke.at\/katalog\/produkt\/bachbluete-rescue-creme-klosterfrau-50-g\/"},"modified":"2025-11-25T20:52:58","modified_gmt":"2025-11-25T19:52:58","slug":"bachbluete-rescue-creme-klosterfrau-50-g","status":"publish","type":"product","link":"https:\/\/www.hirtenberg-apotheke.at\/katalog\/produkt\/bachbluete-rescue-creme-klosterfrau-50-g\/","title":{"rendered":"Bachbl\u00fcte Rescue Creme Klosterfrau 50 g"},"content":{"rendered":"<p>Bachbl\u00fcte Rescue Creme Klosterfrau pflegt und beruhigt beanspruchte Haut und eignet sich durch ihre handliche Gr\u00f6\u00dfe ideale f\u00fcr unterwegs.<\/p>\n","protected":false},"excerpt":{"rendered":"<p>Bachbl\u00fcte Rescue Creme Klosterfrau pflegt und beruhigt beanspruchte Haut und eignet sich durch ihre handliche Gr\u00f6\u00dfe ideale f\u00fcr unterwegs.<\/p>\n","protected":false},"featured_media":27391,"template":"","meta":{"_acf_changed":false},"product_brand":[423],"product_cat":[292],"product_tag":[],"class_list":{"0":"post-27389","1":"product","2":"type-product","3":"status-publish","4":"has-post-thumbnail","6":"product_brand-doskar","7":"product_cat-b","8":"pa_packungsgroesse-50g","10":"first","11":"instock","12":"shipping-taxable","13":"purchasable","14":"product-type-simple"},"acf":[],"_links":{"self":[{"href":"https:\/\/www.hirtenberg-apotheke.at\/katalog\/wp-json\/wp\/v2\/product\/27389","targetHints":{"allow":["GET"]}}],"collection":[{"href":"https:\/\/www.hirtenberg-apotheke.at\/katalog\/wp-json\/wp\/v2\/product"}],"about":[{"href":"https:\/\/www.hirtenberg-apotheke.at\/katalog\/wp-json\/wp\/v2\/types\/product"}],"wp:featuredmedia":[{"embeddable":true,"href":"https:\/\/www.hirtenberg-apotheke.at\/katalog\/wp-json\/wp\/v2\/media\/27391"}],"wp:attachment":[{"href":"https:\/\/www.hirtenberg-apotheke.at\/katalog\/wp-json\/wp\/v2\/media?parent=27389"}],"wp:term":[{"taxonomy":"product_brand","embeddable":true,"href":"https:\/\/www.hirtenberg-apotheke.at\/katalog\/wp-json\/wp\/v2\/product_brand?post=27389"},{"taxonomy":"product_cat","embeddable":true,"href":"https:\/\/www.hirtenberg-apotheke.at\/katalog\/wp-json\/wp\/v2\/product_cat?post=27389"},{"taxonomy":"product_tag","embeddable":true,"href":"https:\/\/www.hirtenberg-apotheke.at\/katalog\/wp-json\/wp\/v2\/product_tag?post=27389"}],"curies":[{"name":"wp","href":"https:\/\/api.w.org\/{rel}","templated":true}]}}