{"id":27441,"date":"2025-11-25T20:53:33","date_gmt":"2025-11-25T19:53:33","guid":{"rendered":"https:\/\/www.hirtenberg-apotheke.at\/katalog\/produkt\/original-bachblueten-pastillen-50-g-energie\/"},"modified":"2025-11-25T20:53:39","modified_gmt":"2025-11-25T19:53:39","slug":"original-bachblueten-pastillen-50-g-energie","status":"publish","type":"product","link":"https:\/\/www.hirtenberg-apotheke.at\/katalog\/produkt\/original-bachblueten-pastillen-50-g-energie\/","title":{"rendered":"Original Bachbl\u00fcten Pastillen 50 g Energie"},"content":{"rendered":"<p>Original BACHBL\u00dcTEN Pastillen Energie werden gerne bei den kleinen Energieschw\u00c4chen des Alltages genommen werden. Sie sind ideal f\u00dcr Kinder und Erwachsene. Mit Redcurrant (Rote Johannisbeere) Geschmack.<\/p>\n","protected":false},"excerpt":{"rendered":"<p>Original BACHBL\u00dcTEN Pastillen Energie werden gerne bei den kleinen Energieschw\u00c4chen des Alltages genommen werden. Sie sind ideal f\u00dcr Kinder und Erwachsene. Mit Redcurrant (Rote Johannisbeere) Geschmack.<\/p>\n","protected":false},"featured_media":27443,"template":"","meta":{"_acf_changed":false},"product_brand":[],"product_cat":[349],"product_tag":[],"class_list":{"0":"post-27441","1":"product","2":"type-product","3":"status-publish","4":"has-post-thumbnail","6":"product_cat-o","7":"pa_packungsgroesse-1-stueck","9":"first","10":"instock","11":"shipping-taxable","12":"purchasable","13":"product-type-simple"},"acf":[],"_links":{"self":[{"href":"https:\/\/www.hirtenberg-apotheke.at\/katalog\/wp-json\/wp\/v2\/product\/27441","targetHints":{"allow":["GET"]}}],"collection":[{"href":"https:\/\/www.hirtenberg-apotheke.at\/katalog\/wp-json\/wp\/v2\/product"}],"about":[{"href":"https:\/\/www.hirtenberg-apotheke.at\/katalog\/wp-json\/wp\/v2\/types\/product"}],"wp:featuredmedia":[{"embeddable":true,"href":"https:\/\/www.hirtenberg-apotheke.at\/katalog\/wp-json\/wp\/v2\/media\/27443"}],"wp:attachment":[{"href":"https:\/\/www.hirtenberg-apotheke.at\/katalog\/wp-json\/wp\/v2\/media?parent=27441"}],"wp:term":[{"taxonomy":"product_brand","embeddable":true,"href":"https:\/\/www.hirtenberg-apotheke.at\/katalog\/wp-json\/wp\/v2\/product_brand?post=27441"},{"taxonomy":"product_cat","embeddable":true,"href":"https:\/\/www.hirtenberg-apotheke.at\/katalog\/wp-json\/wp\/v2\/product_cat?post=27441"},{"taxonomy":"product_tag","embeddable":true,"href":"https:\/\/www.hirtenberg-apotheke.at\/katalog\/wp-json\/wp\/v2\/product_tag?post=27441"}],"curies":[{"name":"wp","href":"https:\/\/api.w.org\/{rel}","templated":true}]}}