{"id":27445,"date":"2025-11-25T20:53:33","date_gmt":"2025-11-25T19:53:33","guid":{"rendered":"https:\/\/www.hirtenberg-apotheke.at\/katalog\/produkt\/bachblueten-kinder-pastillen-troesterchen-50-g\/"},"modified":"2025-11-25T20:53:41","modified_gmt":"2025-11-25T19:53:41","slug":"bachblueten-kinder-pastillen-troesterchen-50-g","status":"publish","type":"product","link":"https:\/\/www.hirtenberg-apotheke.at\/katalog\/produkt\/bachblueten-kinder-pastillen-troesterchen-50-g\/","title":{"rendered":"Bachbl\u00fcten Kinder-Pastillen Tr\u00f6sterchen 50 g"},"content":{"rendered":"<p>Original BACHBL\u00dcTEN Kinder-Pastillen Tr\u00f6sterchen helfen in unangenehmen Situationen, bei Angst und Stress. Die Pastillen schmecken fruchtig nach Himbeere und enthalten keinen Alkohol, kein Aspartam und kein Gluten.<\/p>\n","protected":false},"excerpt":{"rendered":"<p>Original BACHBL\u00dcTEN Kinder-Pastillen Tr\u00f6sterchen helfen in unangenehmen Situationen, bei Angst und Stress. Die Pastillen schmecken fruchtig nach Himbeere und enthalten keinen Alkohol, kein Aspartam und kein Gluten.<\/p>\n","protected":false},"featured_media":27447,"template":"","meta":{"_acf_changed":false},"product_brand":[],"product_cat":[292],"product_tag":[],"class_list":{"0":"post-27445","1":"product","2":"type-product","3":"status-publish","4":"has-post-thumbnail","6":"product_cat-b","7":"pa_packungsgroesse-1-stueck","9":"first","10":"instock","11":"shipping-taxable","12":"purchasable","13":"product-type-simple"},"acf":[],"_links":{"self":[{"href":"https:\/\/www.hirtenberg-apotheke.at\/katalog\/wp-json\/wp\/v2\/product\/27445","targetHints":{"allow":["GET"]}}],"collection":[{"href":"https:\/\/www.hirtenberg-apotheke.at\/katalog\/wp-json\/wp\/v2\/product"}],"about":[{"href":"https:\/\/www.hirtenberg-apotheke.at\/katalog\/wp-json\/wp\/v2\/types\/product"}],"wp:featuredmedia":[{"embeddable":true,"href":"https:\/\/www.hirtenberg-apotheke.at\/katalog\/wp-json\/wp\/v2\/media\/27447"}],"wp:attachment":[{"href":"https:\/\/www.hirtenberg-apotheke.at\/katalog\/wp-json\/wp\/v2\/media?parent=27445"}],"wp:term":[{"taxonomy":"product_brand","embeddable":true,"href":"https:\/\/www.hirtenberg-apotheke.at\/katalog\/wp-json\/wp\/v2\/product_brand?post=27445"},{"taxonomy":"product_cat","embeddable":true,"href":"https:\/\/www.hirtenberg-apotheke.at\/katalog\/wp-json\/wp\/v2\/product_cat?post=27445"},{"taxonomy":"product_tag","embeddable":true,"href":"https:\/\/www.hirtenberg-apotheke.at\/katalog\/wp-json\/wp\/v2\/product_tag?post=27445"}],"curies":[{"name":"wp","href":"https:\/\/api.w.org\/{rel}","templated":true}]}}