{"id":27504,"date":"2025-11-25T20:54:08","date_gmt":"2025-11-25T19:54:08","guid":{"rendered":"https:\/\/www.hirtenberg-apotheke.at\/katalog\/produkt\/gall-pharma-bachblueten-40-rescue-notfall-tropfen\/"},"modified":"2025-11-25T20:54:26","modified_gmt":"2025-11-25T19:54:26","slug":"gall-pharma-bachblueten-40-rescue-notfall-tropfen","status":"publish","type":"product","link":"https:\/\/www.hirtenberg-apotheke.at\/katalog\/produkt\/gall-pharma-bachblueten-40-rescue-notfall-tropfen\/","title":{"rendered":"Gall Pharma BACHBL\u00dcTEN 40 Rescue Notfall Tropfen"},"content":{"rendered":"<p>Gall Pharma Bachbl\u00fcten 39 Rescue basiert auf der Idee, dass die gebundene Energie von Bl\u00fcten eine regulierende Wirkung auf psychische Zust\u00e4nde des Menschen hat. Durch diese psychische Wirkung k\u00f6nnen h\u00e4ufig auch k\u00f6rperliche Symptome gebessert werden.<\/p>\n","protected":false},"excerpt":{"rendered":"<p>Gall Pharma Bachbl\u00fcten 39 Rescue basiert auf der Idee, dass die gebundene Energie von Bl\u00fcten eine regulierende Wirkung auf psychische Zust\u00e4nde des Menschen hat. Durch diese psychische Wirkung k\u00f6nnen h\u00e4ufig auch k\u00f6rperliche Symptome gebessert werden.<\/p>\n","protected":false},"featured_media":27506,"template":"","meta":{"_acf_changed":false},"product_brand":[316],"product_cat":[328],"product_tag":[],"class_list":{"0":"post-27504","1":"product","2":"type-product","3":"status-publish","4":"has-post-thumbnail","6":"product_brand-gall-pharma","7":"product_cat-g","8":"pa_packungsgroesse-20ml","10":"first","11":"instock","12":"shipping-taxable","13":"purchasable","14":"product-type-simple"},"acf":[],"_links":{"self":[{"href":"https:\/\/www.hirtenberg-apotheke.at\/katalog\/wp-json\/wp\/v2\/product\/27504","targetHints":{"allow":["GET"]}}],"collection":[{"href":"https:\/\/www.hirtenberg-apotheke.at\/katalog\/wp-json\/wp\/v2\/product"}],"about":[{"href":"https:\/\/www.hirtenberg-apotheke.at\/katalog\/wp-json\/wp\/v2\/types\/product"}],"wp:featuredmedia":[{"embeddable":true,"href":"https:\/\/www.hirtenberg-apotheke.at\/katalog\/wp-json\/wp\/v2\/media\/27506"}],"wp:attachment":[{"href":"https:\/\/www.hirtenberg-apotheke.at\/katalog\/wp-json\/wp\/v2\/media?parent=27504"}],"wp:term":[{"taxonomy":"product_brand","embeddable":true,"href":"https:\/\/www.hirtenberg-apotheke.at\/katalog\/wp-json\/wp\/v2\/product_brand?post=27504"},{"taxonomy":"product_cat","embeddable":true,"href":"https:\/\/www.hirtenberg-apotheke.at\/katalog\/wp-json\/wp\/v2\/product_cat?post=27504"},{"taxonomy":"product_tag","embeddable":true,"href":"https:\/\/www.hirtenberg-apotheke.at\/katalog\/wp-json\/wp\/v2\/product_tag?post=27504"}],"curies":[{"name":"wp","href":"https:\/\/api.w.org\/{rel}","templated":true}]}}