{"id":27509,"date":"2025-11-25T20:54:08","date_gmt":"2025-11-25T19:54:08","guid":{"rendered":"https:\/\/www.hirtenberg-apotheke.at\/katalog\/produkt\/bachblueten-flower-aid-kinder-globuli-10-g-zappelphilipp\/"},"modified":"2025-11-25T20:54:28","modified_gmt":"2025-11-25T19:54:28","slug":"bachblueten-flower-aid-kinder-globuli-10-g-zappelphilipp","status":"publish","type":"product","link":"https:\/\/www.hirtenberg-apotheke.at\/katalog\/produkt\/bachblueten-flower-aid-kinder-globuli-10-g-zappelphilipp\/","title":{"rendered":"Bachbl\u00fcten Flower Aid Kinder Globuli 10 g Zappelphilipp"},"content":{"rendered":"<p>Bachbl\u00fcten Zappelphilipp Globuli unterst\u00fctzen emotionale und seelische Notf\u00e4lle. Erste Hilfe aus der Natur..<\/p>\n","protected":false},"excerpt":{"rendered":"<p>Bachbl\u00fcten Zappelphilipp Globuli unterst\u00fctzen emotionale und seelische Notf\u00e4lle. Erste Hilfe aus der Natur..<\/p>\n","protected":false},"featured_media":27511,"template":"","meta":{"_acf_changed":false},"product_brand":[],"product_cat":[292],"product_tag":[],"class_list":{"0":"post-27509","1":"product","2":"type-product","3":"status-publish","4":"has-post-thumbnail","6":"product_cat-b","7":"pa_packungsgroesse-10g","9":"first","10":"instock","11":"shipping-taxable","12":"purchasable","13":"product-type-simple"},"acf":[],"_links":{"self":[{"href":"https:\/\/www.hirtenberg-apotheke.at\/katalog\/wp-json\/wp\/v2\/product\/27509","targetHints":{"allow":["GET"]}}],"collection":[{"href":"https:\/\/www.hirtenberg-apotheke.at\/katalog\/wp-json\/wp\/v2\/product"}],"about":[{"href":"https:\/\/www.hirtenberg-apotheke.at\/katalog\/wp-json\/wp\/v2\/types\/product"}],"wp:featuredmedia":[{"embeddable":true,"href":"https:\/\/www.hirtenberg-apotheke.at\/katalog\/wp-json\/wp\/v2\/media\/27511"}],"wp:attachment":[{"href":"https:\/\/www.hirtenberg-apotheke.at\/katalog\/wp-json\/wp\/v2\/media?parent=27509"}],"wp:term":[{"taxonomy":"product_brand","embeddable":true,"href":"https:\/\/www.hirtenberg-apotheke.at\/katalog\/wp-json\/wp\/v2\/product_brand?post=27509"},{"taxonomy":"product_cat","embeddable":true,"href":"https:\/\/www.hirtenberg-apotheke.at\/katalog\/wp-json\/wp\/v2\/product_cat?post=27509"},{"taxonomy":"product_tag","embeddable":true,"href":"https:\/\/www.hirtenberg-apotheke.at\/katalog\/wp-json\/wp\/v2\/product_tag?post=27509"}],"curies":[{"name":"wp","href":"https:\/\/api.w.org\/{rel}","templated":true}]}}