{"id":27512,"date":"2025-11-25T20:54:08","date_gmt":"2025-11-25T19:54:08","guid":{"rendered":"https:\/\/www.hirtenberg-apotheke.at\/katalog\/produkt\/gall-pharma-bachblueten-40-rescue-notfall-creme\/"},"modified":"2025-11-25T20:54:30","modified_gmt":"2025-11-25T19:54:30","slug":"gall-pharma-bachblueten-40-rescue-notfall-creme","status":"publish","type":"product","link":"https:\/\/www.hirtenberg-apotheke.at\/katalog\/produkt\/gall-pharma-bachblueten-40-rescue-notfall-creme\/","title":{"rendered":"Gall Pharma BACHBL\u00dcTEN 40 Rescue Notfall Creme"},"content":{"rendered":"<p>Gall Pharma Bachbl\u00fcten Rescue Creme ist eine Kombination aus 6 Bachbl\u00fcten. Sie wirkt wohltuend und kann auf H\u00e4nde, K\u00f6rper und Gesicht aufgetragen werden. Sie wird verwendet bei rauher, trockener und rissiger Haut.<\/p>\n","protected":false},"excerpt":{"rendered":"<p>Gall Pharma Bachbl\u00fcten Rescue Creme ist eine Kombination aus 6 Bachbl\u00fcten. Sie wirkt wohltuend und kann auf H\u00e4nde, K\u00f6rper und Gesicht aufgetragen werden. Sie wird verwendet bei rauher, trockener und rissiger Haut.<\/p>\n","protected":false},"featured_media":27514,"template":"","meta":{"_acf_changed":false},"product_brand":[316],"product_cat":[328],"product_tag":[],"class_list":{"0":"post-27512","1":"product","2":"type-product","3":"status-publish","4":"has-post-thumbnail","6":"product_brand-gall-pharma","7":"product_cat-g","8":"pa_packungsgroesse-30g","10":"first","11":"instock","12":"shipping-taxable","13":"purchasable","14":"product-type-simple"},"acf":[],"_links":{"self":[{"href":"https:\/\/www.hirtenberg-apotheke.at\/katalog\/wp-json\/wp\/v2\/product\/27512","targetHints":{"allow":["GET"]}}],"collection":[{"href":"https:\/\/www.hirtenberg-apotheke.at\/katalog\/wp-json\/wp\/v2\/product"}],"about":[{"href":"https:\/\/www.hirtenberg-apotheke.at\/katalog\/wp-json\/wp\/v2\/types\/product"}],"wp:featuredmedia":[{"embeddable":true,"href":"https:\/\/www.hirtenberg-apotheke.at\/katalog\/wp-json\/wp\/v2\/media\/27514"}],"wp:attachment":[{"href":"https:\/\/www.hirtenberg-apotheke.at\/katalog\/wp-json\/wp\/v2\/media?parent=27512"}],"wp:term":[{"taxonomy":"product_brand","embeddable":true,"href":"https:\/\/www.hirtenberg-apotheke.at\/katalog\/wp-json\/wp\/v2\/product_brand?post=27512"},{"taxonomy":"product_cat","embeddable":true,"href":"https:\/\/www.hirtenberg-apotheke.at\/katalog\/wp-json\/wp\/v2\/product_cat?post=27512"},{"taxonomy":"product_tag","embeddable":true,"href":"https:\/\/www.hirtenberg-apotheke.at\/katalog\/wp-json\/wp\/v2\/product_tag?post=27512"}],"curies":[{"name":"wp","href":"https:\/\/api.w.org\/{rel}","templated":true}]}}