{"id":27518,"date":"2025-11-25T20:54:32","date_gmt":"2025-11-25T19:54:32","guid":{"rendered":"https:\/\/www.hirtenberg-apotheke.at\/katalog\/produkt\/bachblueten-flower-aid-tropfen-10-ml\/"},"modified":"2025-11-25T20:54:34","modified_gmt":"2025-11-25T19:54:34","slug":"bachblueten-flower-aid-tropfen-10-ml","status":"publish","type":"product","link":"https:\/\/www.hirtenberg-apotheke.at\/katalog\/produkt\/bachblueten-flower-aid-tropfen-10-ml\/","title":{"rendered":"Bachbl\u00fcten Flower Aid Tropfen 10 ml"},"content":{"rendered":"<p>Bachbl\u00fcten Flower Aid Tropfen unterst\u00fctzen emotionale und seelische Notf\u00e4lle. Erste Hilfe aus der Natur<\/p>\n","protected":false},"excerpt":{"rendered":"<p>Bachbl\u00fcten Flower Aid Tropfen unterst\u00fctzen emotionale und seelische Notf\u00e4lle. Erste Hilfe aus der Natur<\/p>\n","protected":false},"featured_media":0,"template":"","meta":{"_acf_changed":false},"product_brand":[],"product_cat":[292],"product_tag":[],"class_list":{"0":"post-27518","1":"product","2":"type-product","3":"status-publish","5":"product_cat-b","6":"pa_packungsgroesse-10ml","8":"first","9":"instock","10":"shipping-taxable","11":"purchasable","12":"product-type-simple"},"acf":[],"_links":{"self":[{"href":"https:\/\/www.hirtenberg-apotheke.at\/katalog\/wp-json\/wp\/v2\/product\/27518","targetHints":{"allow":["GET"]}}],"collection":[{"href":"https:\/\/www.hirtenberg-apotheke.at\/katalog\/wp-json\/wp\/v2\/product"}],"about":[{"href":"https:\/\/www.hirtenberg-apotheke.at\/katalog\/wp-json\/wp\/v2\/types\/product"}],"wp:attachment":[{"href":"https:\/\/www.hirtenberg-apotheke.at\/katalog\/wp-json\/wp\/v2\/media?parent=27518"}],"wp:term":[{"taxonomy":"product_brand","embeddable":true,"href":"https:\/\/www.hirtenberg-apotheke.at\/katalog\/wp-json\/wp\/v2\/product_brand?post=27518"},{"taxonomy":"product_cat","embeddable":true,"href":"https:\/\/www.hirtenberg-apotheke.at\/katalog\/wp-json\/wp\/v2\/product_cat?post=27518"},{"taxonomy":"product_tag","embeddable":true,"href":"https:\/\/www.hirtenberg-apotheke.at\/katalog\/wp-json\/wp\/v2\/product_tag?post=27518"}],"curies":[{"name":"wp","href":"https:\/\/api.w.org\/{rel}","templated":true}]}}