{"id":27599,"date":"2025-11-25T20:55:26","date_gmt":"2025-11-25T19:55:26","guid":{"rendered":"https:\/\/www.hirtenberg-apotheke.at\/katalog\/produkt\/apopharm-bachblueten-rescue-kids-tropfen-10-ml\/"},"modified":"2025-11-25T20:55:38","modified_gmt":"2025-11-25T19:55:38","slug":"apopharm-bachblueten-rescue-kids-tropfen-10-ml","status":"publish","type":"product","link":"https:\/\/www.hirtenberg-apotheke.at\/katalog\/produkt\/apopharm-bachblueten-rescue-kids-tropfen-10-ml\/","title":{"rendered":"Apopharm Bachbl\u00fcten Rescue Kids Tropfen 10 ml"},"content":{"rendered":"<p>Apopharm Bachbl\u00fcten Rescue Kids Tropfen kommen bei Situationen mit au\u00dfergew\u00f6hnlichen Belastungen zum Einsatz. So werden die alkoholfreien Tropfen vor allem zur Anwendung bei Lampenfieber, Pr\u00fcfungsangst oder auch vor dem Besuch beim Zahnarzt empfohlen.<\/p>\n","protected":false},"excerpt":{"rendered":"<p>Apopharm Bachbl\u00fcten Rescue Kids Tropfen kommen bei Situationen mit au\u00dfergew\u00f6hnlichen Belastungen zum Einsatz. So werden die alkoholfreien Tropfen vor allem zur Anwendung bei Lampenfieber, Pr\u00fcfungsangst oder auch vor dem Besuch beim Zahnarzt empfohlen.<\/p>\n","protected":false},"featured_media":0,"template":"","meta":{"_acf_changed":false},"product_brand":[],"product_cat":[299],"product_tag":[],"class_list":{"0":"post-27599","1":"product","2":"type-product","3":"status-publish","5":"product_cat-a","6":"pa_packungsgroesse-10ml","8":"first","9":"instock","10":"shipping-taxable","11":"purchasable","12":"product-type-simple"},"acf":[],"_links":{"self":[{"href":"https:\/\/www.hirtenberg-apotheke.at\/katalog\/wp-json\/wp\/v2\/product\/27599","targetHints":{"allow":["GET"]}}],"collection":[{"href":"https:\/\/www.hirtenberg-apotheke.at\/katalog\/wp-json\/wp\/v2\/product"}],"about":[{"href":"https:\/\/www.hirtenberg-apotheke.at\/katalog\/wp-json\/wp\/v2\/types\/product"}],"wp:attachment":[{"href":"https:\/\/www.hirtenberg-apotheke.at\/katalog\/wp-json\/wp\/v2\/media?parent=27599"}],"wp:term":[{"taxonomy":"product_brand","embeddable":true,"href":"https:\/\/www.hirtenberg-apotheke.at\/katalog\/wp-json\/wp\/v2\/product_brand?post=27599"},{"taxonomy":"product_cat","embeddable":true,"href":"https:\/\/www.hirtenberg-apotheke.at\/katalog\/wp-json\/wp\/v2\/product_cat?post=27599"},{"taxonomy":"product_tag","embeddable":true,"href":"https:\/\/www.hirtenberg-apotheke.at\/katalog\/wp-json\/wp\/v2\/product_tag?post=27599"}],"curies":[{"name":"wp","href":"https:\/\/api.w.org\/{rel}","templated":true}]}}