{"id":27619,"date":"2025-11-25T20:55:26","date_gmt":"2025-11-25T19:55:26","guid":{"rendered":"https:\/\/www.hirtenberg-apotheke.at\/katalog\/produkt\/apopharm-bachblueten-rescue-creme-30-g\/"},"modified":"2025-11-25T20:55:52","modified_gmt":"2025-11-25T19:55:52","slug":"apopharm-bachblueten-rescue-creme-30-g","status":"publish","type":"product","link":"https:\/\/www.hirtenberg-apotheke.at\/katalog\/produkt\/apopharm-bachblueten-rescue-creme-30-g\/","title":{"rendered":"Apopharm Bachbl\u00fcten Rescue Creme 30 g"},"content":{"rendered":"<p>Apopharm Bachbl\u00fcten Rescue Creme ist eine Mischung aus der Original Bach-Bl\u00fctenmischung Rescue und der Original Bach-Bl\u00fctenessenz Crab Apple. Sie bietet Erste Hilfe bei kleinen k\u00f6rperlichen Verletzungen, wie etwa Bienenstichen, Verstauchungen, kleine Schnittwunden oder Verbrennungen.<\/p>\n","protected":false},"excerpt":{"rendered":"<p>Apopharm Bachbl\u00fcten Rescue Creme ist eine Mischung aus der Original Bach-Bl\u00fctenmischung Rescue und der Original Bach-Bl\u00fctenessenz Crab Apple. Sie bietet Erste Hilfe bei kleinen k\u00f6rperlichen Verletzungen, wie etwa Bienenstichen, Verstauchungen, kleine Schnittwunden oder Verbrennungen.<\/p>\n","protected":false},"featured_media":0,"template":"","meta":{"_acf_changed":false},"product_brand":[],"product_cat":[299],"product_tag":[],"class_list":{"0":"post-27619","1":"product","2":"type-product","3":"status-publish","5":"product_cat-a","6":"pa_packungsgroesse-30g","8":"first","9":"instock","10":"shipping-taxable","11":"purchasable","12":"product-type-simple"},"acf":[],"_links":{"self":[{"href":"https:\/\/www.hirtenberg-apotheke.at\/katalog\/wp-json\/wp\/v2\/product\/27619","targetHints":{"allow":["GET"]}}],"collection":[{"href":"https:\/\/www.hirtenberg-apotheke.at\/katalog\/wp-json\/wp\/v2\/product"}],"about":[{"href":"https:\/\/www.hirtenberg-apotheke.at\/katalog\/wp-json\/wp\/v2\/types\/product"}],"wp:attachment":[{"href":"https:\/\/www.hirtenberg-apotheke.at\/katalog\/wp-json\/wp\/v2\/media?parent=27619"}],"wp:term":[{"taxonomy":"product_brand","embeddable":true,"href":"https:\/\/www.hirtenberg-apotheke.at\/katalog\/wp-json\/wp\/v2\/product_brand?post=27619"},{"taxonomy":"product_cat","embeddable":true,"href":"https:\/\/www.hirtenberg-apotheke.at\/katalog\/wp-json\/wp\/v2\/product_cat?post=27619"},{"taxonomy":"product_tag","embeddable":true,"href":"https:\/\/www.hirtenberg-apotheke.at\/katalog\/wp-json\/wp\/v2\/product_tag?post=27619"}],"curies":[{"name":"wp","href":"https:\/\/api.w.org\/{rel}","templated":true}]}}