{"id":27939,"date":"2025-11-25T20:59:53","date_gmt":"2025-11-25T19:59:53","guid":{"rendered":"https:\/\/www.hirtenberg-apotheke.at\/katalog\/produkt\/apopharm-bachblueten-20-mimulus-20-ml\/"},"modified":"2025-11-25T20:59:56","modified_gmt":"2025-11-25T19:59:56","slug":"apopharm-bachblueten-20-mimulus-20-ml","status":"publish","type":"product","link":"https:\/\/www.hirtenberg-apotheke.at\/katalog\/produkt\/apopharm-bachblueten-20-mimulus-20-ml\/","title":{"rendered":"Apopharm Bachbl\u00fcten 20 Mimulus 20 ml"},"content":{"rendered":"<p>Apopharm Bachbl\u00fcten 20 Mimulus eignet sich zur Anwendung bei allen krankhaften St\u00f6rungen, die mit Furcht einhergehen oder davon ausgel\u00f6st wurden. So wird das Produkt zur Basisbehandlung bei der Neigung, sich schnell oder \u00fcbertrieben zu f\u00fcrchten, eingesetzt.<\/p>\n","protected":false},"excerpt":{"rendered":"<p>Apopharm Bachbl\u00fcten 20 Mimulus eignet sich zur Anwendung bei allen krankhaften St\u00f6rungen, die mit Furcht einhergehen oder davon ausgel\u00f6st wurden. So wird das Produkt zur Basisbehandlung bei der Neigung, sich schnell oder \u00fcbertrieben zu f\u00fcrchten, eingesetzt.<\/p>\n","protected":false},"featured_media":0,"template":"","meta":{"_acf_changed":false},"product_brand":[],"product_cat":[299],"product_tag":[],"class_list":{"0":"post-27939","1":"product","2":"type-product","3":"status-publish","5":"product_cat-a","6":"pa_packungsgroesse-20ml","8":"first","9":"instock","10":"shipping-taxable","11":"purchasable","12":"product-type-simple"},"acf":[],"_links":{"self":[{"href":"https:\/\/www.hirtenberg-apotheke.at\/katalog\/wp-json\/wp\/v2\/product\/27939","targetHints":{"allow":["GET"]}}],"collection":[{"href":"https:\/\/www.hirtenberg-apotheke.at\/katalog\/wp-json\/wp\/v2\/product"}],"about":[{"href":"https:\/\/www.hirtenberg-apotheke.at\/katalog\/wp-json\/wp\/v2\/types\/product"}],"wp:attachment":[{"href":"https:\/\/www.hirtenberg-apotheke.at\/katalog\/wp-json\/wp\/v2\/media?parent=27939"}],"wp:term":[{"taxonomy":"product_brand","embeddable":true,"href":"https:\/\/www.hirtenberg-apotheke.at\/katalog\/wp-json\/wp\/v2\/product_brand?post=27939"},{"taxonomy":"product_cat","embeddable":true,"href":"https:\/\/www.hirtenberg-apotheke.at\/katalog\/wp-json\/wp\/v2\/product_cat?post=27939"},{"taxonomy":"product_tag","embeddable":true,"href":"https:\/\/www.hirtenberg-apotheke.at\/katalog\/wp-json\/wp\/v2\/product_tag?post=27939"}],"curies":[{"name":"wp","href":"https:\/\/api.w.org\/{rel}","templated":true}]}}