{"id":27964,"date":"2025-11-25T21:00:04","date_gmt":"2025-11-25T20:00:04","guid":{"rendered":"https:\/\/www.hirtenberg-apotheke.at\/katalog\/produkt\/healing-herbs-beech-10-ml\/"},"modified":"2025-11-25T21:00:07","modified_gmt":"2025-11-25T20:00:07","slug":"healing-herbs-beech-10-ml","status":"publish","type":"product","link":"https:\/\/www.hirtenberg-apotheke.at\/katalog\/produkt\/healing-herbs-beech-10-ml\/","title":{"rendered":"Healing Herbs Beech 10 ml"},"content":{"rendered":"<p>Healing Herbs Beech hilft, eine zu geringe oder zu gro\u00dfe Toleranz wieder in das rechte Ma\u00df zu bringen. Es wird mit dem Motto &#8222;Ich werde dem\u00fctig und erkenne meine Situation&#8220; eingenommen.<\/p>\n","protected":false},"excerpt":{"rendered":"<p>Healing Herbs Beech hilft, eine zu geringe oder zu gro\u00dfe Toleranz wieder in das rechte Ma\u00df zu bringen. Es wird mit dem Motto &#8222;Ich werde dem\u00fctig und erkenne meine Situation&#8220; eingenommen.<\/p>\n","protected":false},"featured_media":0,"template":"","meta":{"_acf_changed":false},"product_brand":[919],"product_cat":[330],"product_tag":[],"class_list":{"0":"post-27964","1":"product","2":"type-product","3":"status-publish","5":"product_brand-healing-herbs","6":"product_cat-h","7":"pa_packungsgroesse-10ml","9":"first","10":"instock","11":"shipping-taxable","12":"purchasable","13":"product-type-simple"},"acf":[],"_links":{"self":[{"href":"https:\/\/www.hirtenberg-apotheke.at\/katalog\/wp-json\/wp\/v2\/product\/27964","targetHints":{"allow":["GET"]}}],"collection":[{"href":"https:\/\/www.hirtenberg-apotheke.at\/katalog\/wp-json\/wp\/v2\/product"}],"about":[{"href":"https:\/\/www.hirtenberg-apotheke.at\/katalog\/wp-json\/wp\/v2\/types\/product"}],"wp:attachment":[{"href":"https:\/\/www.hirtenberg-apotheke.at\/katalog\/wp-json\/wp\/v2\/media?parent=27964"}],"wp:term":[{"taxonomy":"product_brand","embeddable":true,"href":"https:\/\/www.hirtenberg-apotheke.at\/katalog\/wp-json\/wp\/v2\/product_brand?post=27964"},{"taxonomy":"product_cat","embeddable":true,"href":"https:\/\/www.hirtenberg-apotheke.at\/katalog\/wp-json\/wp\/v2\/product_cat?post=27964"},{"taxonomy":"product_tag","embeddable":true,"href":"https:\/\/www.hirtenberg-apotheke.at\/katalog\/wp-json\/wp\/v2\/product_tag?post=27964"}],"curies":[{"name":"wp","href":"https:\/\/api.w.org\/{rel}","templated":true}]}}