{"id":27990,"date":"2025-11-25T21:00:18","date_gmt":"2025-11-25T20:00:18","guid":{"rendered":"https:\/\/www.hirtenberg-apotheke.at\/katalog\/produkt\/bachbluete-apopharm-07-chestnut-kastanie-20-ml\/"},"modified":"2025-11-25T21:00:22","modified_gmt":"2025-11-25T20:00:22","slug":"bachbluete-apopharm-07-chestnut-kastanie-20-ml","status":"publish","type":"product","link":"https:\/\/www.hirtenberg-apotheke.at\/katalog\/produkt\/bachbluete-apopharm-07-chestnut-kastanie-20-ml\/","title":{"rendered":"Bachbl\u00fcte Apopharm 07 Chestnut\/Kastanie 20 ml"},"content":{"rendered":"<p>Bachbl\u00fcte Apopharm 07 Chestnut eignet sich zur Anwendung bei allen krankhaften St\u00f6rungen, die mit Unaufmerksamkeit, Lernunf\u00e4higkeit oder krankhafter Zerstreutheit einhergehen oder davon ausgel\u00f6st wurden. So wird das Produkt im t\u00e4glichen Leben bei Unaufmerksamkeit und Zerstreutheit eingesetzt.<\/p>\n","protected":false},"excerpt":{"rendered":"<p>Bachbl\u00fcte Apopharm 07 Chestnut eignet sich zur Anwendung bei allen krankhaften St\u00f6rungen, die mit Unaufmerksamkeit, Lernunf\u00e4higkeit oder krankhafter Zerstreutheit einhergehen oder davon ausgel\u00f6st wurden. So wird das Produkt im t\u00e4glichen Leben bei Unaufmerksamkeit und Zerstreutheit eingesetzt.<\/p>\n","protected":false},"featured_media":0,"template":"","meta":{"_acf_changed":false},"product_brand":[],"product_cat":[292],"product_tag":[],"class_list":{"0":"post-27990","1":"product","2":"type-product","3":"status-publish","5":"product_cat-b","6":"pa_packungsgroesse-20ml","8":"first","9":"instock","10":"shipping-taxable","11":"purchasable","12":"product-type-simple"},"acf":[],"_links":{"self":[{"href":"https:\/\/www.hirtenberg-apotheke.at\/katalog\/wp-json\/wp\/v2\/product\/27990","targetHints":{"allow":["GET"]}}],"collection":[{"href":"https:\/\/www.hirtenberg-apotheke.at\/katalog\/wp-json\/wp\/v2\/product"}],"about":[{"href":"https:\/\/www.hirtenberg-apotheke.at\/katalog\/wp-json\/wp\/v2\/types\/product"}],"wp:attachment":[{"href":"https:\/\/www.hirtenberg-apotheke.at\/katalog\/wp-json\/wp\/v2\/media?parent=27990"}],"wp:term":[{"taxonomy":"product_brand","embeddable":true,"href":"https:\/\/www.hirtenberg-apotheke.at\/katalog\/wp-json\/wp\/v2\/product_brand?post=27990"},{"taxonomy":"product_cat","embeddable":true,"href":"https:\/\/www.hirtenberg-apotheke.at\/katalog\/wp-json\/wp\/v2\/product_cat?post=27990"},{"taxonomy":"product_tag","embeddable":true,"href":"https:\/\/www.hirtenberg-apotheke.at\/katalog\/wp-json\/wp\/v2\/product_tag?post=27990"}],"curies":[{"name":"wp","href":"https:\/\/api.w.org\/{rel}","templated":true}]}}