{"id":28003,"date":"2025-11-25T21:00:18","date_gmt":"2025-11-25T20:00:18","guid":{"rendered":"https:\/\/www.hirtenberg-apotheke.at\/katalog\/produkt\/gall-pharma-bachblueten-19-larch\/"},"modified":"2025-11-25T21:00:30","modified_gmt":"2025-11-25T20:00:30","slug":"gall-pharma-bachblueten-19-larch","status":"publish","type":"product","link":"https:\/\/www.hirtenberg-apotheke.at\/katalog\/produkt\/gall-pharma-bachblueten-19-larch\/","title":{"rendered":"Gall Pharma BACHBL\u00dcTEN 19 Larch"},"content":{"rendered":"<p>Gall Pharma Bachbl\u00fcten 19 Larch basiert auf der Idee, dass die gebundene Energie von Bl\u00fcten eine regulierende Wirkung auf psychische Zust\u00e4nde des Menschen hat. Durch diese psychische Wirkung k\u00f6nnen h\u00e4ufig auch k\u00f6rperliche Symptome gebessert werden.<\/p>\n","protected":false},"excerpt":{"rendered":"<p>Gall Pharma Bachbl\u00fcten 19 Larch basiert auf der Idee, dass die gebundene Energie von Bl\u00fcten eine regulierende Wirkung auf psychische Zust\u00e4nde des Menschen hat. Durch diese psychische Wirkung k\u00f6nnen h\u00e4ufig auch k\u00f6rperliche Symptome gebessert werden.<\/p>\n","protected":false},"featured_media":28005,"template":"","meta":{"_acf_changed":false},"product_brand":[316],"product_cat":[328],"product_tag":[],"class_list":{"0":"post-28003","1":"product","2":"type-product","3":"status-publish","4":"has-post-thumbnail","6":"product_brand-gall-pharma","7":"product_cat-g","8":"pa_packungsgroesse-20ml","10":"first","11":"instock","12":"shipping-taxable","13":"purchasable","14":"product-type-simple"},"acf":[],"_links":{"self":[{"href":"https:\/\/www.hirtenberg-apotheke.at\/katalog\/wp-json\/wp\/v2\/product\/28003","targetHints":{"allow":["GET"]}}],"collection":[{"href":"https:\/\/www.hirtenberg-apotheke.at\/katalog\/wp-json\/wp\/v2\/product"}],"about":[{"href":"https:\/\/www.hirtenberg-apotheke.at\/katalog\/wp-json\/wp\/v2\/types\/product"}],"wp:featuredmedia":[{"embeddable":true,"href":"https:\/\/www.hirtenberg-apotheke.at\/katalog\/wp-json\/wp\/v2\/media\/28005"}],"wp:attachment":[{"href":"https:\/\/www.hirtenberg-apotheke.at\/katalog\/wp-json\/wp\/v2\/media?parent=28003"}],"wp:term":[{"taxonomy":"product_brand","embeddable":true,"href":"https:\/\/www.hirtenberg-apotheke.at\/katalog\/wp-json\/wp\/v2\/product_brand?post=28003"},{"taxonomy":"product_cat","embeddable":true,"href":"https:\/\/www.hirtenberg-apotheke.at\/katalog\/wp-json\/wp\/v2\/product_cat?post=28003"},{"taxonomy":"product_tag","embeddable":true,"href":"https:\/\/www.hirtenberg-apotheke.at\/katalog\/wp-json\/wp\/v2\/product_tag?post=28003"}],"curies":[{"name":"wp","href":"https:\/\/api.w.org\/{rel}","templated":true}]}}