{"id":28029,"date":"2025-11-25T21:00:31","date_gmt":"2025-11-25T20:00:31","guid":{"rendered":"https:\/\/www.hirtenberg-apotheke.at\/katalog\/produkt\/bachbluete-apopharm-38-willow-weide-20-ml\/"},"modified":"2025-11-25T21:00:56","modified_gmt":"2025-11-25T20:00:56","slug":"bachbluete-apopharm-38-willow-weide-20-ml","status":"publish","type":"product","link":"https:\/\/www.hirtenberg-apotheke.at\/katalog\/produkt\/bachbluete-apopharm-38-willow-weide-20-ml\/","title":{"rendered":"Bachbl\u00fcte Apopharm 38 Willow\/Weide 20 ml"},"content":{"rendered":"<p>Bachbl\u00fcte Apopharm 38 Willow\/Weide hilft, sich mit dem Schicksal auszus\u00f6hnen, wenn man sich durch das Leben ungerecht behandelt f\u00fchlt. Es findet seine Anwendung nach dem Motto &#8222;Ich bin kein Opfer, sondern bew\u00e4ltige mein Schicksal&#8220;.<\/p>\n","protected":false},"excerpt":{"rendered":"<p>Bachbl\u00fcte Apopharm 38 Willow\/Weide hilft, sich mit dem Schicksal auszus\u00f6hnen, wenn man sich durch das Leben ungerecht behandelt f\u00fchlt. Es findet seine Anwendung nach dem Motto &#8222;Ich bin kein Opfer, sondern bew\u00e4ltige mein Schicksal&#8220;.<\/p>\n","protected":false},"featured_media":28031,"template":"","meta":{"_acf_changed":false},"product_brand":[],"product_cat":[292],"product_tag":[],"class_list":{"0":"post-28029","1":"product","2":"type-product","3":"status-publish","4":"has-post-thumbnail","6":"product_cat-b","7":"pa_packungsgroesse-20ml","9":"first","10":"instock","11":"shipping-taxable","12":"purchasable","13":"product-type-simple"},"acf":[],"_links":{"self":[{"href":"https:\/\/www.hirtenberg-apotheke.at\/katalog\/wp-json\/wp\/v2\/product\/28029","targetHints":{"allow":["GET"]}}],"collection":[{"href":"https:\/\/www.hirtenberg-apotheke.at\/katalog\/wp-json\/wp\/v2\/product"}],"about":[{"href":"https:\/\/www.hirtenberg-apotheke.at\/katalog\/wp-json\/wp\/v2\/types\/product"}],"wp:featuredmedia":[{"embeddable":true,"href":"https:\/\/www.hirtenberg-apotheke.at\/katalog\/wp-json\/wp\/v2\/media\/28031"}],"wp:attachment":[{"href":"https:\/\/www.hirtenberg-apotheke.at\/katalog\/wp-json\/wp\/v2\/media?parent=28029"}],"wp:term":[{"taxonomy":"product_brand","embeddable":true,"href":"https:\/\/www.hirtenberg-apotheke.at\/katalog\/wp-json\/wp\/v2\/product_brand?post=28029"},{"taxonomy":"product_cat","embeddable":true,"href":"https:\/\/www.hirtenberg-apotheke.at\/katalog\/wp-json\/wp\/v2\/product_cat?post=28029"},{"taxonomy":"product_tag","embeddable":true,"href":"https:\/\/www.hirtenberg-apotheke.at\/katalog\/wp-json\/wp\/v2\/product_tag?post=28029"}],"curies":[{"name":"wp","href":"https:\/\/api.w.org\/{rel}","templated":true}]}}