{"id":28058,"date":"2025-11-25T21:00:59","date_gmt":"2025-11-25T20:00:59","guid":{"rendered":"https:\/\/www.hirtenberg-apotheke.at\/katalog\/produkt\/bachbluete-apopharm-03-beech-buche-20-ml\/"},"modified":"2025-11-25T21:01:11","modified_gmt":"2025-11-25T20:01:11","slug":"bachbluete-apopharm-03-beech-buche-20-ml","status":"publish","type":"product","link":"https:\/\/www.hirtenberg-apotheke.at\/katalog\/produkt\/bachbluete-apopharm-03-beech-buche-20-ml\/","title":{"rendered":"Bachbl\u00fcte Apopharm 03 Beech\/Buche 20 ml"},"content":{"rendered":"<p>Bachbl\u00fcte Apopharm 03 Beech eignet sich zur Anwendung bei allen krankhaften St\u00f6rungen, die mit \u00fcbertriebener Toleranz oder tiefsitzender Intoleranz beziehungsweise Allergien einhergehen oder davon ausgel\u00f6st wurden. So wird das Mittel im t\u00e4glichen Leben bei Allergie, Besch\u00f6nigungstendenz, k\u00fcnstlicher Verst\u00e4ndnisbereitschaft und \u00fcbertriebener Gro\u00dfz\u00fcgigkeit eingesetzt.<\/p>\n","protected":false},"excerpt":{"rendered":"<p>Bachbl\u00fcte Apopharm 03 Beech eignet sich zur Anwendung bei allen krankhaften St\u00f6rungen, die mit \u00fcbertriebener Toleranz oder tiefsitzender Intoleranz beziehungsweise Allergien einhergehen oder davon ausgel\u00f6st wurden. So wird das Mittel im t\u00e4glichen Leben bei Allergie, Besch\u00f6nigungstendenz, k\u00fcnstlicher Verst\u00e4ndnisbereitschaft und \u00fcbertriebener Gro\u00dfz\u00fcgigkeit eingesetzt.<\/p>\n","protected":false},"featured_media":0,"template":"","meta":{"_acf_changed":false},"product_brand":[],"product_cat":[292],"product_tag":[],"class_list":{"0":"post-28058","1":"product","2":"type-product","3":"status-publish","5":"product_cat-b","6":"pa_packungsgroesse-20ml","8":"first","9":"instock","10":"shipping-taxable","11":"purchasable","12":"product-type-simple"},"acf":[],"_links":{"self":[{"href":"https:\/\/www.hirtenberg-apotheke.at\/katalog\/wp-json\/wp\/v2\/product\/28058","targetHints":{"allow":["GET"]}}],"collection":[{"href":"https:\/\/www.hirtenberg-apotheke.at\/katalog\/wp-json\/wp\/v2\/product"}],"about":[{"href":"https:\/\/www.hirtenberg-apotheke.at\/katalog\/wp-json\/wp\/v2\/types\/product"}],"wp:attachment":[{"href":"https:\/\/www.hirtenberg-apotheke.at\/katalog\/wp-json\/wp\/v2\/media?parent=28058"}],"wp:term":[{"taxonomy":"product_brand","embeddable":true,"href":"https:\/\/www.hirtenberg-apotheke.at\/katalog\/wp-json\/wp\/v2\/product_brand?post=28058"},{"taxonomy":"product_cat","embeddable":true,"href":"https:\/\/www.hirtenberg-apotheke.at\/katalog\/wp-json\/wp\/v2\/product_cat?post=28058"},{"taxonomy":"product_tag","embeddable":true,"href":"https:\/\/www.hirtenberg-apotheke.at\/katalog\/wp-json\/wp\/v2\/product_tag?post=28058"}],"curies":[{"name":"wp","href":"https:\/\/api.w.org\/{rel}","templated":true}]}}