{"id":28065,"date":"2025-11-25T21:01:13","date_gmt":"2025-11-25T20:01:13","guid":{"rendered":"https:\/\/www.hirtenberg-apotheke.at\/katalog\/produkt\/australische-buschbluetenessenz-green-15-ml\/"},"modified":"2025-11-25T21:01:15","modified_gmt":"2025-11-25T20:01:15","slug":"australische-buschbluetenessenz-green-15-ml","status":"publish","type":"product","link":"https:\/\/www.hirtenberg-apotheke.at\/katalog\/produkt\/australische-buschbluetenessenz-green-15-ml\/","title":{"rendered":"Australische Buschbl\u00fctenessenz Green 15 ml"},"content":{"rendered":"<p>Australische Buschbl\u00fctenessenz Green wird angewandt, um den Organismus von Hefe- und Schimmelpilzen und von Parasiten zu reinigen. \u00c4u\u00dferlich k\u00f6nnen mit Green Essence Hauptprobleme wie Exzeme, Psoriasis oder Pilzinfektionen behandelt werden.<\/p>\n","protected":false},"excerpt":{"rendered":"<p>Australische Buschbl\u00fctenessenz Green wird angewandt, um den Organismus von Hefe- und Schimmelpilzen und von Parasiten zu reinigen. \u00c4u\u00dferlich k\u00f6nnen mit Green Essence Hauptprobleme wie Exzeme, Psoriasis oder Pilzinfektionen behandelt werden.<\/p>\n","protected":false},"featured_media":0,"template":"","meta":{"_acf_changed":false},"product_brand":[922],"product_cat":[299],"product_tag":[],"class_list":{"0":"post-28065","1":"product","2":"type-product","3":"status-publish","5":"product_brand-australische-buschblueten","6":"product_cat-a","7":"pa_packungsgroesse-15ml","9":"first","10":"instock","11":"shipping-taxable","12":"purchasable","13":"product-type-simple"},"acf":[],"_links":{"self":[{"href":"https:\/\/www.hirtenberg-apotheke.at\/katalog\/wp-json\/wp\/v2\/product\/28065","targetHints":{"allow":["GET"]}}],"collection":[{"href":"https:\/\/www.hirtenberg-apotheke.at\/katalog\/wp-json\/wp\/v2\/product"}],"about":[{"href":"https:\/\/www.hirtenberg-apotheke.at\/katalog\/wp-json\/wp\/v2\/types\/product"}],"wp:attachment":[{"href":"https:\/\/www.hirtenberg-apotheke.at\/katalog\/wp-json\/wp\/v2\/media?parent=28065"}],"wp:term":[{"taxonomy":"product_brand","embeddable":true,"href":"https:\/\/www.hirtenberg-apotheke.at\/katalog\/wp-json\/wp\/v2\/product_brand?post=28065"},{"taxonomy":"product_cat","embeddable":true,"href":"https:\/\/www.hirtenberg-apotheke.at\/katalog\/wp-json\/wp\/v2\/product_cat?post=28065"},{"taxonomy":"product_tag","embeddable":true,"href":"https:\/\/www.hirtenberg-apotheke.at\/katalog\/wp-json\/wp\/v2\/product_tag?post=28065"}],"curies":[{"name":"wp","href":"https:\/\/api.w.org\/{rel}","templated":true}]}}