{"id":28075,"date":"2025-11-25T21:01:13","date_gmt":"2025-11-25T20:01:13","guid":{"rendered":"https:\/\/www.hirtenberg-apotheke.at\/katalog\/produkt\/euphrasia-d3-einzeldosen-augentropfen-weleda\/"},"modified":"2025-11-25T21:01:22","modified_gmt":"2025-11-25T20:01:22","slug":"euphrasia-d3-einzeldosen-augentropfen-weleda","status":"publish","type":"product","link":"https:\/\/www.hirtenberg-apotheke.at\/katalog\/produkt\/euphrasia-d3-einzeldosen-augentropfen-weleda\/","title":{"rendered":"Euphrasia D3 Einzeldosen-Augentropfen Weleda"},"content":{"rendered":"<p>Weleda Euphrasia D 3 Augentropfen Einzeldosen mit dem enthaltenen Heilpflanzenauszug aus Augentrost wirkt lindernd bei entz\u00fcndeten und tr\u00e4nenden Augen. Augentrost beruhigt unangenehmes Brennen und Jucken und l\u00e4sst leichte, nicht-infekti\u00f6se Bindehautentz\u00fcndungen durch Reize wie Pollen, Zugluft oder Rauch schnell abklingen.<\/p>\n","protected":false},"excerpt":{"rendered":"<p>Weleda Euphrasia D 3 Augentropfen Einzeldosen mit dem enthaltenen Heilpflanzenauszug aus Augentrost wirkt lindernd bei entz\u00fcndeten und tr\u00e4nenden Augen. Augentrost beruhigt unangenehmes Brennen und Jucken und l\u00e4sst leichte, nicht-infekti\u00f6se Bindehautentz\u00fcndungen durch Reize wie Pollen, Zugluft oder Rauch schnell abklingen.<\/p>\n","protected":false},"featured_media":0,"template":"","meta":{"_acf_changed":false},"product_brand":[554],"product_cat":[307],"product_tag":[],"class_list":{"0":"post-28075","1":"product","2":"type-product","3":"status-publish","5":"product_brand-weleda","6":"product_cat-e","7":"pa_packungsgroesse-10-stueck","9":"first","10":"instock","11":"shipping-taxable","12":"purchasable","13":"product-type-simple"},"acf":[],"_links":{"self":[{"href":"https:\/\/www.hirtenberg-apotheke.at\/katalog\/wp-json\/wp\/v2\/product\/28075","targetHints":{"allow":["GET"]}}],"collection":[{"href":"https:\/\/www.hirtenberg-apotheke.at\/katalog\/wp-json\/wp\/v2\/product"}],"about":[{"href":"https:\/\/www.hirtenberg-apotheke.at\/katalog\/wp-json\/wp\/v2\/types\/product"}],"wp:attachment":[{"href":"https:\/\/www.hirtenberg-apotheke.at\/katalog\/wp-json\/wp\/v2\/media?parent=28075"}],"wp:term":[{"taxonomy":"product_brand","embeddable":true,"href":"https:\/\/www.hirtenberg-apotheke.at\/katalog\/wp-json\/wp\/v2\/product_brand?post=28075"},{"taxonomy":"product_cat","embeddable":true,"href":"https:\/\/www.hirtenberg-apotheke.at\/katalog\/wp-json\/wp\/v2\/product_cat?post=28075"},{"taxonomy":"product_tag","embeddable":true,"href":"https:\/\/www.hirtenberg-apotheke.at\/katalog\/wp-json\/wp\/v2\/product_tag?post=28075"}],"curies":[{"name":"wp","href":"https:\/\/api.w.org\/{rel}","templated":true}]}}