{"id":28087,"date":"2025-11-25T21:01:27","date_gmt":"2025-11-25T20:01:27","guid":{"rendered":"https:\/\/www.hirtenberg-apotheke.at\/katalog\/produkt\/similasan-tabletten-gegen-magen-darm-beschwerden-60-stk\/"},"modified":"2025-11-25T21:01:32","modified_gmt":"2025-11-25T20:01:32","slug":"similasan-tabletten-gegen-magen-darm-beschwerden-60-stk","status":"publish","type":"product","link":"https:\/\/www.hirtenberg-apotheke.at\/katalog\/produkt\/similasan-tabletten-gegen-magen-darm-beschwerden-60-stk\/","title":{"rendered":"Similasan Tabletten gegen Magen-Darm-Beschwerden 60 Stk."},"content":{"rendered":"<p>Tabletten gegen Magen-Darm-Beschwerden \u201eSimilasan\u201c sind ein hom\u00f6opathisches Arzneimittel. Die Hom\u00f6opathie versteht sich als Regulationstherapie bei akuten und chronischen Krankheiten. Die Anwendungsgebiete leiten sich von den hom\u00f6opathischen Arzneimittelbildern ab. Dazu geh\u00f6rt die unterst\u00fctzende Behandlung von: Durchfall und Erbrechen mit Kr\u00e4mpfen, Akute Magen-Darm-Beschwerden nach Genuss schlecht vertr\u00e4glicher Speisen und Getr\u00e4nke und \u00dcbelkeit mit Brechreiz und Schw\u00e4che.<\/p>\n","protected":false},"excerpt":{"rendered":"<p>Tabletten gegen Magen-Darm-Beschwerden \u201eSimilasan\u201c sind ein hom\u00f6opathisches Arzneimittel. Die Hom\u00f6opathie versteht sich als Regulationstherapie bei akuten und chronischen Krankheiten. Die Anwendungsgebiete leiten sich von den hom\u00f6opathischen Arzneimittelbildern ab. Dazu geh\u00f6rt die unterst\u00fctzende Behandlung von: Durchfall und Erbrechen mit Kr\u00e4mpfen, Akute Magen-Darm-Beschwerden nach Genuss schlecht vertr\u00e4glicher Speisen und Getr\u00e4nke und \u00dcbelkeit mit Brechreiz und Schw\u00e4che.<\/p>\n","protected":false},"featured_media":0,"template":"","meta":{"_acf_changed":false},"product_brand":[925],"product_cat":[303],"product_tag":[],"class_list":{"0":"post-28087","1":"product","2":"type-product","3":"status-publish","5":"product_brand-similasan","6":"product_cat-s","7":"pa_packungsgroesse-60-stueck","9":"first","10":"instock","11":"shipping-taxable","12":"purchasable","13":"product-type-simple"},"acf":[],"_links":{"self":[{"href":"https:\/\/www.hirtenberg-apotheke.at\/katalog\/wp-json\/wp\/v2\/product\/28087","targetHints":{"allow":["GET"]}}],"collection":[{"href":"https:\/\/www.hirtenberg-apotheke.at\/katalog\/wp-json\/wp\/v2\/product"}],"about":[{"href":"https:\/\/www.hirtenberg-apotheke.at\/katalog\/wp-json\/wp\/v2\/types\/product"}],"wp:attachment":[{"href":"https:\/\/www.hirtenberg-apotheke.at\/katalog\/wp-json\/wp\/v2\/media?parent=28087"}],"wp:term":[{"taxonomy":"product_brand","embeddable":true,"href":"https:\/\/www.hirtenberg-apotheke.at\/katalog\/wp-json\/wp\/v2\/product_brand?post=28087"},{"taxonomy":"product_cat","embeddable":true,"href":"https:\/\/www.hirtenberg-apotheke.at\/katalog\/wp-json\/wp\/v2\/product_cat?post=28087"},{"taxonomy":"product_tag","embeddable":true,"href":"https:\/\/www.hirtenberg-apotheke.at\/katalog\/wp-json\/wp\/v2\/product_tag?post=28087"}],"curies":[{"name":"wp","href":"https:\/\/api.w.org\/{rel}","templated":true}]}}