{"id":28107,"date":"2025-11-25T21:01:27","date_gmt":"2025-11-25T20:01:27","guid":{"rendered":"https:\/\/www.hirtenberg-apotheke.at\/katalog\/produkt\/hws-venodril-tropfen-100-ml\/"},"modified":"2025-11-25T21:01:52","modified_gmt":"2025-11-25T20:01:52","slug":"hws-venodril-tropfen-100-ml","status":"publish","type":"product","link":"https:\/\/www.hirtenberg-apotheke.at\/katalog\/produkt\/hws-venodril-tropfen-100-ml\/","title":{"rendered":"HWS Venodril Tropfen 100 ml"},"content":{"rendered":"<p>Venodril Tropfen lindern Krampfaderleiden, reduzieren Schmerzen und Spannungen in den Beinen und f\u00f6rdern ihre Durchblutung. Die hom\u00f6opathischen Wirkstoffe rund um den Steinklee, lindern nachweislich die Symptome von ven\u00f6sen Erkrankungen.<\/p>\n","protected":false},"excerpt":{"rendered":"<p>Venodril Tropfen lindern Krampfaderleiden, reduzieren Schmerzen und Spannungen in den Beinen und f\u00f6rdern ihre Durchblutung. Die hom\u00f6opathischen Wirkstoffe rund um den Steinklee, lindern nachweislich die Symptome von ven\u00f6sen Erkrankungen.<\/p>\n","protected":false},"featured_media":28109,"template":"","meta":{"_acf_changed":false},"product_brand":[],"product_cat":[330],"product_tag":[],"class_list":{"0":"post-28107","1":"product","2":"type-product","3":"status-publish","4":"has-post-thumbnail","6":"product_cat-h","7":"pa_packungsgroesse-100ml","9":"first","10":"instock","11":"shipping-taxable","12":"purchasable","13":"product-type-simple"},"acf":[],"_links":{"self":[{"href":"https:\/\/www.hirtenberg-apotheke.at\/katalog\/wp-json\/wp\/v2\/product\/28107","targetHints":{"allow":["GET"]}}],"collection":[{"href":"https:\/\/www.hirtenberg-apotheke.at\/katalog\/wp-json\/wp\/v2\/product"}],"about":[{"href":"https:\/\/www.hirtenberg-apotheke.at\/katalog\/wp-json\/wp\/v2\/types\/product"}],"wp:featuredmedia":[{"embeddable":true,"href":"https:\/\/www.hirtenberg-apotheke.at\/katalog\/wp-json\/wp\/v2\/media\/28109"}],"wp:attachment":[{"href":"https:\/\/www.hirtenberg-apotheke.at\/katalog\/wp-json\/wp\/v2\/media?parent=28107"}],"wp:term":[{"taxonomy":"product_brand","embeddable":true,"href":"https:\/\/www.hirtenberg-apotheke.at\/katalog\/wp-json\/wp\/v2\/product_brand?post=28107"},{"taxonomy":"product_cat","embeddable":true,"href":"https:\/\/www.hirtenberg-apotheke.at\/katalog\/wp-json\/wp\/v2\/product_cat?post=28107"},{"taxonomy":"product_tag","embeddable":true,"href":"https:\/\/www.hirtenberg-apotheke.at\/katalog\/wp-json\/wp\/v2\/product_tag?post=28107"}],"curies":[{"name":"wp","href":"https:\/\/api.w.org\/{rel}","templated":true}]}}