{"id":28145,"date":"2025-11-25T21:01:57","date_gmt":"2025-11-25T20:01:57","guid":{"rendered":"https:\/\/www.hirtenberg-apotheke.at\/katalog\/produkt\/infludoron-globuli-10-g\/"},"modified":"2025-11-25T21:02:38","modified_gmt":"2025-11-25T20:02:38","slug":"infludoron-globuli-10-g","status":"publish","type":"product","link":"https:\/\/www.hirtenberg-apotheke.at\/katalog\/produkt\/infludoron-globuli-10-g\/","title":{"rendered":"Infludoron Globuli 10 g"},"content":{"rendered":"<p>Infludoron Globuli eignen sich schon ab dem S\u00e4uglingsalter zur Behandlung eines grippalen Infekts. Bei den ersten Erk\u00e4ltungsanzeichen eingenommen, k\u00f6nnen sie den vollst\u00e4ndigen Ausbruch der Erkrankung oft noch verhindern oder abmildern. Das Mittel st\u00e4rkt die nat\u00fcrlichen Abwehrkr\u00e4fte, lindert Entz\u00fcndungserscheinungen und reguliert die K\u00f6rpertemperatur, ohne Fieber zu unterdr\u00fccken.<\/p>\n","protected":false},"excerpt":{"rendered":"<p>Infludoron Globuli eignen sich schon ab dem S\u00e4uglingsalter zur Behandlung eines grippalen Infekts. Bei den ersten Erk\u00e4ltungsanzeichen eingenommen, k\u00f6nnen sie den vollst\u00e4ndigen Ausbruch der Erkrankung oft noch verhindern oder abmildern. Das Mittel st\u00e4rkt die nat\u00fcrlichen Abwehrkr\u00e4fte, lindert Entz\u00fcndungserscheinungen und reguliert die K\u00f6rpertemperatur, ohne Fieber zu unterdr\u00fccken.<\/p>\n","protected":false},"featured_media":0,"template":"","meta":{"_acf_changed":false},"product_brand":[],"product_cat":[370],"product_tag":[],"class_list":{"0":"post-28145","1":"product","2":"type-product","3":"status-publish","5":"product_cat-i","6":"pa_packungsgroesse-10g","8":"first","9":"instock","10":"shipping-taxable","11":"purchasable","12":"product-type-simple"},"acf":[],"_links":{"self":[{"href":"https:\/\/www.hirtenberg-apotheke.at\/katalog\/wp-json\/wp\/v2\/product\/28145","targetHints":{"allow":["GET"]}}],"collection":[{"href":"https:\/\/www.hirtenberg-apotheke.at\/katalog\/wp-json\/wp\/v2\/product"}],"about":[{"href":"https:\/\/www.hirtenberg-apotheke.at\/katalog\/wp-json\/wp\/v2\/types\/product"}],"wp:attachment":[{"href":"https:\/\/www.hirtenberg-apotheke.at\/katalog\/wp-json\/wp\/v2\/media?parent=28145"}],"wp:term":[{"taxonomy":"product_brand","embeddable":true,"href":"https:\/\/www.hirtenberg-apotheke.at\/katalog\/wp-json\/wp\/v2\/product_brand?post=28145"},{"taxonomy":"product_cat","embeddable":true,"href":"https:\/\/www.hirtenberg-apotheke.at\/katalog\/wp-json\/wp\/v2\/product_cat?post=28145"},{"taxonomy":"product_tag","embeddable":true,"href":"https:\/\/www.hirtenberg-apotheke.at\/katalog\/wp-json\/wp\/v2\/product_tag?post=28145"}],"curies":[{"name":"wp","href":"https:\/\/api.w.org\/{rel}","templated":true}]}}