{"id":28149,"date":"2025-11-25T21:02:37","date_gmt":"2025-11-25T20:02:37","guid":{"rendered":"https:\/\/www.hirtenberg-apotheke.at\/katalog\/produkt\/osanit-schnupfenkuegelchen\/"},"modified":"2025-11-25T21:02:41","modified_gmt":"2025-11-25T20:02:41","slug":"osanit-schnupfenkuegelchen","status":"publish","type":"product","link":"https:\/\/www.hirtenberg-apotheke.at\/katalog\/produkt\/osanit-schnupfenkuegelchen\/","title":{"rendered":"Osanit Schnupfenk\u00fcgelchen"},"content":{"rendered":"<p>OSANIT\u00ae Schnupfenk\u00fcgelchen helfen bei z\u00e4hfl\u00fcssigem, glasigen Schnupfen, bei dem das Kind nur sehr schlecht durch die Nase atmen kann.<\/p>\n","protected":false},"excerpt":{"rendered":"<p>OSANIT\u00ae Schnupfenk\u00fcgelchen helfen bei z\u00e4hfl\u00fcssigem, glasigen Schnupfen, bei dem das Kind nur sehr schlecht durch die Nase atmen kann.<\/p>\n","protected":false},"featured_media":0,"template":"","meta":{"_acf_changed":false},"product_brand":[],"product_cat":[349],"product_tag":[],"class_list":{"0":"post-28149","1":"product","2":"type-product","3":"status-publish","5":"product_cat-o","6":"pa_packungsgroesse-7g","8":"first","9":"instock","10":"shipping-taxable","11":"purchasable","12":"product-type-simple"},"acf":[],"_links":{"self":[{"href":"https:\/\/www.hirtenberg-apotheke.at\/katalog\/wp-json\/wp\/v2\/product\/28149","targetHints":{"allow":["GET"]}}],"collection":[{"href":"https:\/\/www.hirtenberg-apotheke.at\/katalog\/wp-json\/wp\/v2\/product"}],"about":[{"href":"https:\/\/www.hirtenberg-apotheke.at\/katalog\/wp-json\/wp\/v2\/types\/product"}],"wp:attachment":[{"href":"https:\/\/www.hirtenberg-apotheke.at\/katalog\/wp-json\/wp\/v2\/media?parent=28149"}],"wp:term":[{"taxonomy":"product_brand","embeddable":true,"href":"https:\/\/www.hirtenberg-apotheke.at\/katalog\/wp-json\/wp\/v2\/product_brand?post=28149"},{"taxonomy":"product_cat","embeddable":true,"href":"https:\/\/www.hirtenberg-apotheke.at\/katalog\/wp-json\/wp\/v2\/product_cat?post=28149"},{"taxonomy":"product_tag","embeddable":true,"href":"https:\/\/www.hirtenberg-apotheke.at\/katalog\/wp-json\/wp\/v2\/product_tag?post=28149"}],"curies":[{"name":"wp","href":"https:\/\/api.w.org\/{rel}","templated":true}]}}