{"id":28166,"date":"2025-11-25T21:02:37","date_gmt":"2025-11-25T20:02:37","guid":{"rendered":"https:\/\/www.hirtenberg-apotheke.at\/katalog\/produkt\/similasan-gegen-husten-15-g\/"},"modified":"2025-11-25T21:03:04","modified_gmt":"2025-11-25T20:03:04","slug":"similasan-gegen-husten-15-g","status":"publish","type":"product","link":"https:\/\/www.hirtenberg-apotheke.at\/katalog\/produkt\/similasan-gegen-husten-15-g\/","title":{"rendered":"Similasan gegen Husten 15 g"},"content":{"rendered":"<p>Similasan\u00ae Globuli gegen Husten Nr. 2 ist ein hom\u00f6opathisches Arzneimittel das bei Bronchialhusten mit z\u00e4hem, festsitzendem Schleim und chronischem Bronchialkatarrh eingesetzt wird. Die nat\u00fcrlichen Bestandtteile f\u00f6rdern die Heilung, beruhigen den Hals und lindern die st\u00e4rken Husenanf\u00e4lle.<\/p>\n","protected":false},"excerpt":{"rendered":"<p>Similasan\u00ae Globuli gegen Husten Nr. 2 ist ein hom\u00f6opathisches Arzneimittel das bei Bronchialhusten mit z\u00e4hem, festsitzendem Schleim und chronischem Bronchialkatarrh eingesetzt wird. Die nat\u00fcrlichen Bestandtteile f\u00f6rdern die Heilung, beruhigen den Hals und lindern die st\u00e4rken Husenanf\u00e4lle.<\/p>\n","protected":false},"featured_media":28168,"template":"","meta":{"_acf_changed":false},"product_brand":[925],"product_cat":[303],"product_tag":[],"class_list":{"0":"post-28166","1":"product","2":"type-product","3":"status-publish","4":"has-post-thumbnail","6":"product_brand-similasan","7":"product_cat-s","8":"pa_packungsgroesse-15g","10":"first","11":"instock","12":"shipping-taxable","13":"purchasable","14":"product-type-simple"},"acf":[],"_links":{"self":[{"href":"https:\/\/www.hirtenberg-apotheke.at\/katalog\/wp-json\/wp\/v2\/product\/28166","targetHints":{"allow":["GET"]}}],"collection":[{"href":"https:\/\/www.hirtenberg-apotheke.at\/katalog\/wp-json\/wp\/v2\/product"}],"about":[{"href":"https:\/\/www.hirtenberg-apotheke.at\/katalog\/wp-json\/wp\/v2\/types\/product"}],"wp:featuredmedia":[{"embeddable":true,"href":"https:\/\/www.hirtenberg-apotheke.at\/katalog\/wp-json\/wp\/v2\/media\/28168"}],"wp:attachment":[{"href":"https:\/\/www.hirtenberg-apotheke.at\/katalog\/wp-json\/wp\/v2\/media?parent=28166"}],"wp:term":[{"taxonomy":"product_brand","embeddable":true,"href":"https:\/\/www.hirtenberg-apotheke.at\/katalog\/wp-json\/wp\/v2\/product_brand?post=28166"},{"taxonomy":"product_cat","embeddable":true,"href":"https:\/\/www.hirtenberg-apotheke.at\/katalog\/wp-json\/wp\/v2\/product_cat?post=28166"},{"taxonomy":"product_tag","embeddable":true,"href":"https:\/\/www.hirtenberg-apotheke.at\/katalog\/wp-json\/wp\/v2\/product_tag?post=28166"}],"curies":[{"name":"wp","href":"https:\/\/api.w.org\/{rel}","templated":true}]}}