{"id":28185,"date":"2025-11-25T21:03:17","date_gmt":"2025-11-25T20:03:17","guid":{"rendered":"https:\/\/www.hirtenberg-apotheke.at\/katalog\/produkt\/neurapas-filmtabletten-100-stk\/"},"modified":"2025-11-25T21:04:04","modified_gmt":"2025-11-25T20:04:04","slug":"neurapas-filmtabletten-100-stk","status":"publish","type":"product","link":"https:\/\/www.hirtenberg-apotheke.at\/katalog\/produkt\/neurapas-filmtabletten-100-stk\/","title":{"rendered":"Neurapas Filmtabletten 100 Stk."},"content":{"rendered":"<p>Neurapas\u00ae ist einpflanzliches Arzneimittel zur Behandlung von seelischen Verstimmungszust\u00e4nden und nerv\u00f6s bedingten Ein- und Durchschlafst\u00f6rungen. erhalten Sie dieses Mittel in den Packungsgr\u00f6\u00dfen 60 und 100 St\u00fcck.<\/p>\n","protected":false},"excerpt":{"rendered":"<p>Neurapas\u00ae ist einpflanzliches Arzneimittel zur Behandlung von seelischen Verstimmungszust\u00e4nden und nerv\u00f6s bedingten Ein- und Durchschlafst\u00f6rungen. erhalten Sie dieses Mittel in den Packungsgr\u00f6\u00dfen 60 und 100 St\u00fcck.<\/p>\n","protected":false},"featured_media":0,"template":"","meta":{"_acf_changed":false},"product_brand":[],"product_cat":[310],"product_tag":[],"class_list":{"0":"post-28185","1":"product","2":"type-product","3":"status-publish","5":"product_cat-n","6":"pa_packungsgroesse-60-stueck","7":"pa_packungsgroesse-100-stueck","9":"first","10":"instock","11":"shipping-taxable","12":"purchasable","13":"product-type-simple"},"acf":[],"_links":{"self":[{"href":"https:\/\/www.hirtenberg-apotheke.at\/katalog\/wp-json\/wp\/v2\/product\/28185","targetHints":{"allow":["GET"]}}],"collection":[{"href":"https:\/\/www.hirtenberg-apotheke.at\/katalog\/wp-json\/wp\/v2\/product"}],"about":[{"href":"https:\/\/www.hirtenberg-apotheke.at\/katalog\/wp-json\/wp\/v2\/types\/product"}],"wp:attachment":[{"href":"https:\/\/www.hirtenberg-apotheke.at\/katalog\/wp-json\/wp\/v2\/media?parent=28185"}],"wp:term":[{"taxonomy":"product_brand","embeddable":true,"href":"https:\/\/www.hirtenberg-apotheke.at\/katalog\/wp-json\/wp\/v2\/product_brand?post=28185"},{"taxonomy":"product_cat","embeddable":true,"href":"https:\/\/www.hirtenberg-apotheke.at\/katalog\/wp-json\/wp\/v2\/product_cat?post=28185"},{"taxonomy":"product_tag","embeddable":true,"href":"https:\/\/www.hirtenberg-apotheke.at\/katalog\/wp-json\/wp\/v2\/product_tag?post=28185"}],"curies":[{"name":"wp","href":"https:\/\/api.w.org\/{rel}","templated":true}]}}