{"id":28202,"date":"2025-11-25T21:03:17","date_gmt":"2025-11-25T20:03:17","guid":{"rendered":"https:\/\/www.hirtenberg-apotheke.at\/katalog\/produkt\/similasan-tabletten-gegen-magenbeschwerden-60-stk\/"},"modified":"2025-11-25T21:03:45","modified_gmt":"2025-11-25T20:03:45","slug":"similasan-tabletten-gegen-magenbeschwerden-60-stk","status":"publish","type":"product","link":"https:\/\/www.hirtenberg-apotheke.at\/katalog\/produkt\/similasan-tabletten-gegen-magenbeschwerden-60-stk\/","title":{"rendered":"Similasan Tabletten gegen Magenbeschwerden 60 Stk."},"content":{"rendered":"<p>Similasan\u00ae Tabletten gegen Magenbeschwerden zur unterst\u00fctzdene Behandlung von chronischer Magen\u00fcbers\u00e4uerung und Verdauungsst\u00f6rungen mit Bl\u00e4hungen, saurem Aufsto\u00dfen und Durchfall.<\/p>\n","protected":false},"excerpt":{"rendered":"<p>Similasan\u00ae Tabletten gegen Magenbeschwerden zur unterst\u00fctzdene Behandlung von chronischer Magen\u00fcbers\u00e4uerung und Verdauungsst\u00f6rungen mit Bl\u00e4hungen, saurem Aufsto\u00dfen und Durchfall.<\/p>\n","protected":false},"featured_media":28204,"template":"","meta":{"_acf_changed":false},"product_brand":[925],"product_cat":[303],"product_tag":[],"class_list":{"0":"post-28202","1":"product","2":"type-product","3":"status-publish","4":"has-post-thumbnail","6":"product_brand-similasan","7":"product_cat-s","8":"pa_packungsgroesse-60-stueck","10":"first","11":"instock","12":"shipping-taxable","13":"purchasable","14":"product-type-simple"},"acf":[],"_links":{"self":[{"href":"https:\/\/www.hirtenberg-apotheke.at\/katalog\/wp-json\/wp\/v2\/product\/28202","targetHints":{"allow":["GET"]}}],"collection":[{"href":"https:\/\/www.hirtenberg-apotheke.at\/katalog\/wp-json\/wp\/v2\/product"}],"about":[{"href":"https:\/\/www.hirtenberg-apotheke.at\/katalog\/wp-json\/wp\/v2\/types\/product"}],"wp:featuredmedia":[{"embeddable":true,"href":"https:\/\/www.hirtenberg-apotheke.at\/katalog\/wp-json\/wp\/v2\/media\/28204"}],"wp:attachment":[{"href":"https:\/\/www.hirtenberg-apotheke.at\/katalog\/wp-json\/wp\/v2\/media?parent=28202"}],"wp:term":[{"taxonomy":"product_brand","embeddable":true,"href":"https:\/\/www.hirtenberg-apotheke.at\/katalog\/wp-json\/wp\/v2\/product_brand?post=28202"},{"taxonomy":"product_cat","embeddable":true,"href":"https:\/\/www.hirtenberg-apotheke.at\/katalog\/wp-json\/wp\/v2\/product_cat?post=28202"},{"taxonomy":"product_tag","embeddable":true,"href":"https:\/\/www.hirtenberg-apotheke.at\/katalog\/wp-json\/wp\/v2\/product_tag?post=28202"}],"curies":[{"name":"wp","href":"https:\/\/api.w.org\/{rel}","templated":true}]}}