{"id":28211,"date":"2025-11-25T21:03:17","date_gmt":"2025-11-25T20:03:17","guid":{"rendered":"https:\/\/www.hirtenberg-apotheke.at\/katalog\/produkt\/taumea-80-stk\/"},"modified":"2025-11-25T21:03:46","modified_gmt":"2025-11-25T20:03:46","slug":"taumea-80-stk","status":"publish","type":"product","link":"https:\/\/www.hirtenberg-apotheke.at\/katalog\/produkt\/taumea-80-stk\/","title":{"rendered":"Taumea 80 Stk."},"content":{"rendered":"<p>Taumea ist das Mittel der Wahl bei Schwindelbeschwerden! Der Dual-Komplex aus zwei Wirkstoffen bek\u00e4mpft die Beschwerden besonders effektiv. Da die enthaltenen Arzneistoffe 100% nat\u00fcrlich sind, sind die Tabletten besonders gut vertr\u00e4glich und k\u00f6nnen in Kombination mit anderen Arzneimitteln eingenommen werden.<\/p>\n","protected":false},"excerpt":{"rendered":"<p>Taumea ist das Mittel der Wahl bei Schwindelbeschwerden! Der Dual-Komplex aus zwei Wirkstoffen bek\u00e4mpft die Beschwerden besonders effektiv. Da die enthaltenen Arzneistoffe 100% nat\u00fcrlich sind, sind die Tabletten besonders gut vertr\u00e4glich und k\u00f6nnen in Kombination mit anderen Arzneimitteln eingenommen werden.<\/p>\n","protected":false},"featured_media":0,"template":"","meta":{"_acf_changed":false},"product_brand":[],"product_cat":[319],"product_tag":[],"class_list":{"0":"post-28211","1":"product","2":"type-product","3":"status-publish","5":"product_cat-t","6":"pa_packungsgroesse-80-stueck","8":"first","9":"instock","10":"shipping-taxable","11":"purchasable","12":"product-type-simple"},"acf":[],"_links":{"self":[{"href":"https:\/\/www.hirtenberg-apotheke.at\/katalog\/wp-json\/wp\/v2\/product\/28211","targetHints":{"allow":["GET"]}}],"collection":[{"href":"https:\/\/www.hirtenberg-apotheke.at\/katalog\/wp-json\/wp\/v2\/product"}],"about":[{"href":"https:\/\/www.hirtenberg-apotheke.at\/katalog\/wp-json\/wp\/v2\/types\/product"}],"wp:attachment":[{"href":"https:\/\/www.hirtenberg-apotheke.at\/katalog\/wp-json\/wp\/v2\/media?parent=28211"}],"wp:term":[{"taxonomy":"product_brand","embeddable":true,"href":"https:\/\/www.hirtenberg-apotheke.at\/katalog\/wp-json\/wp\/v2\/product_brand?post=28211"},{"taxonomy":"product_cat","embeddable":true,"href":"https:\/\/www.hirtenberg-apotheke.at\/katalog\/wp-json\/wp\/v2\/product_cat?post=28211"},{"taxonomy":"product_tag","embeddable":true,"href":"https:\/\/www.hirtenberg-apotheke.at\/katalog\/wp-json\/wp\/v2\/product_tag?post=28211"}],"curies":[{"name":"wp","href":"https:\/\/api.w.org\/{rel}","templated":true}]}}