{"id":28233,"date":"2025-11-25T21:04:04","date_gmt":"2025-11-25T20:04:04","guid":{"rendered":"https:\/\/www.hirtenberg-apotheke.at\/katalog\/produkt\/weleda-wundsalbe-calendula-25-g\/"},"modified":"2025-11-25T21:04:09","modified_gmt":"2025-11-25T20:04:09","slug":"weleda-wundsalbe-calendula-25-g","status":"publish","type":"product","link":"https:\/\/www.hirtenberg-apotheke.at\/katalog\/produkt\/weleda-wundsalbe-calendula-25-g\/","title":{"rendered":"Weleda Wundsalbe Calendula 25 g"},"content":{"rendered":"<p>Weleda Wundsalbe dient der Behandlung von kleineren Verletzungen oder Absch\u00fcrfungen der Haut. Der hochwertige Calendula-Auszug unterst\u00fctzt die Neubildung von gesundem Hautgewebe. Durch ihre entz\u00fcndungshemmende Wirkung eignet sich die Calendula Wundsalbe auch zur Anwendung bei verz\u00f6gerter Wundheilung oder bei Vereiterung.<\/p>\n","protected":false},"excerpt":{"rendered":"<p>Weleda Wundsalbe dient der Behandlung von kleineren Verletzungen oder Absch\u00fcrfungen der Haut. Der hochwertige Calendula-Auszug unterst\u00fctzt die Neubildung von gesundem Hautgewebe. Durch ihre entz\u00fcndungshemmende Wirkung eignet sich die Calendula Wundsalbe auch zur Anwendung bei verz\u00f6gerter Wundheilung oder bei Vereiterung.<\/p>\n","protected":false},"featured_media":28235,"template":"","meta":{"_acf_changed":false},"product_brand":[554],"product_cat":[368],"product_tag":[],"class_list":{"0":"post-28233","1":"product","2":"type-product","3":"status-publish","4":"has-post-thumbnail","6":"product_brand-weleda","7":"product_cat-w","8":"pa_packungsgroesse-25g","10":"first","11":"instock","12":"shipping-taxable","13":"purchasable","14":"product-type-simple"},"acf":[],"_links":{"self":[{"href":"https:\/\/www.hirtenberg-apotheke.at\/katalog\/wp-json\/wp\/v2\/product\/28233","targetHints":{"allow":["GET"]}}],"collection":[{"href":"https:\/\/www.hirtenberg-apotheke.at\/katalog\/wp-json\/wp\/v2\/product"}],"about":[{"href":"https:\/\/www.hirtenberg-apotheke.at\/katalog\/wp-json\/wp\/v2\/types\/product"}],"wp:featuredmedia":[{"embeddable":true,"href":"https:\/\/www.hirtenberg-apotheke.at\/katalog\/wp-json\/wp\/v2\/media\/28235"}],"wp:attachment":[{"href":"https:\/\/www.hirtenberg-apotheke.at\/katalog\/wp-json\/wp\/v2\/media?parent=28233"}],"wp:term":[{"taxonomy":"product_brand","embeddable":true,"href":"https:\/\/www.hirtenberg-apotheke.at\/katalog\/wp-json\/wp\/v2\/product_brand?post=28233"},{"taxonomy":"product_cat","embeddable":true,"href":"https:\/\/www.hirtenberg-apotheke.at\/katalog\/wp-json\/wp\/v2\/product_cat?post=28233"},{"taxonomy":"product_tag","embeddable":true,"href":"https:\/\/www.hirtenberg-apotheke.at\/katalog\/wp-json\/wp\/v2\/product_tag?post=28233"}],"curies":[{"name":"wp","href":"https:\/\/api.w.org\/{rel}","templated":true}]}}