{"id":28324,"date":"2025-11-25T21:05:04","date_gmt":"2025-11-25T20:05:04","guid":{"rendered":"https:\/\/www.hirtenberg-apotheke.at\/katalog\/produkt\/similasan-entzuendete-augen-augentropfen-monodosen-10-stk\/"},"modified":"2025-11-25T21:05:41","modified_gmt":"2025-11-25T20:05:41","slug":"similasan-entzuendete-augen-augentropfen-monodosen-10-stk","status":"publish","type":"product","link":"https:\/\/www.hirtenberg-apotheke.at\/katalog\/produkt\/similasan-entzuendete-augen-augentropfen-monodosen-10-stk\/","title":{"rendered":"Similasan Entz\u00fcndete Augen Augentropfen Monodosen 10 Stk."},"content":{"rendered":"<p>Die Anwendungsgebiete leiten sich von den hom\u00f6opathischen Arzneimittelbildern ab. F\u00fcr dieses Arzneimittel sind folgende Anwendungsgebiete zugelassen: R\u00f6tung der Augen und Lider, w\u00e4ssriger Augenausfluss, Sandkorngef\u00fchl in den Augen, brennende Augen und \u00fcberm\u00e4\u00dfige Lichtempfindlichkeit.<\/p>\n","protected":false},"excerpt":{"rendered":"<p>Die Anwendungsgebiete leiten sich von den hom\u00f6opathischen Arzneimittelbildern ab. F\u00fcr dieses Arzneimittel sind folgende Anwendungsgebiete zugelassen: R\u00f6tung der Augen und Lider, w\u00e4ssriger Augenausfluss, Sandkorngef\u00fchl in den Augen, brennende Augen und \u00fcberm\u00e4\u00dfige Lichtempfindlichkeit.<\/p>\n","protected":false},"featured_media":28326,"template":"","meta":{"_acf_changed":false},"product_brand":[925],"product_cat":[303],"product_tag":[],"class_list":{"0":"post-28324","1":"product","2":"type-product","3":"status-publish","4":"has-post-thumbnail","6":"product_brand-similasan","7":"product_cat-s","8":"pa_packungsgroesse-10-stueck","10":"first","11":"instock","12":"shipping-taxable","13":"purchasable","14":"product-type-simple"},"acf":[],"_links":{"self":[{"href":"https:\/\/www.hirtenberg-apotheke.at\/katalog\/wp-json\/wp\/v2\/product\/28324","targetHints":{"allow":["GET"]}}],"collection":[{"href":"https:\/\/www.hirtenberg-apotheke.at\/katalog\/wp-json\/wp\/v2\/product"}],"about":[{"href":"https:\/\/www.hirtenberg-apotheke.at\/katalog\/wp-json\/wp\/v2\/types\/product"}],"wp:featuredmedia":[{"embeddable":true,"href":"https:\/\/www.hirtenberg-apotheke.at\/katalog\/wp-json\/wp\/v2\/media\/28326"}],"wp:attachment":[{"href":"https:\/\/www.hirtenberg-apotheke.at\/katalog\/wp-json\/wp\/v2\/media?parent=28324"}],"wp:term":[{"taxonomy":"product_brand","embeddable":true,"href":"https:\/\/www.hirtenberg-apotheke.at\/katalog\/wp-json\/wp\/v2\/product_brand?post=28324"},{"taxonomy":"product_cat","embeddable":true,"href":"https:\/\/www.hirtenberg-apotheke.at\/katalog\/wp-json\/wp\/v2\/product_cat?post=28324"},{"taxonomy":"product_tag","embeddable":true,"href":"https:\/\/www.hirtenberg-apotheke.at\/katalog\/wp-json\/wp\/v2\/product_tag?post=28324"}],"curies":[{"name":"wp","href":"https:\/\/api.w.org\/{rel}","templated":true}]}}