{"id":28333,"date":"2025-11-25T21:05:04","date_gmt":"2025-11-25T20:05:04","guid":{"rendered":"https:\/\/www.hirtenberg-apotheke.at\/katalog\/produkt\/similasan-globuli-gegen-schnupfen-15-g\/"},"modified":"2025-11-25T21:05:44","modified_gmt":"2025-11-25T20:05:44","slug":"similasan-globuli-gegen-schnupfen-15-g","status":"publish","type":"product","link":"https:\/\/www.hirtenberg-apotheke.at\/katalog\/produkt\/similasan-globuli-gegen-schnupfen-15-g\/","title":{"rendered":"Similasan Globuli gegen Schnupfen 15 g"},"content":{"rendered":"<p>Similasan\u00ae Schnupfen Nr. 2 Globuli wirken speziell auf die Schleimh\u00e4ute der Nase, der Nasennebenh\u00f6hlen und des Rachens. Sie werden angewandt wenn die Nase abwechselnd verstopft und flie\u00dfend ist.<\/p>\n","protected":false},"excerpt":{"rendered":"<p>Similasan\u00ae Schnupfen Nr. 2 Globuli wirken speziell auf die Schleimh\u00e4ute der Nase, der Nasennebenh\u00f6hlen und des Rachens. Sie werden angewandt wenn die Nase abwechselnd verstopft und flie\u00dfend ist.<\/p>\n","protected":false},"featured_media":28335,"template":"","meta":{"_acf_changed":false},"product_brand":[925],"product_cat":[303],"product_tag":[],"class_list":{"0":"post-28333","1":"product","2":"type-product","3":"status-publish","4":"has-post-thumbnail","6":"product_brand-similasan","7":"product_cat-s","8":"pa_packungsgroesse-15g","10":"first","11":"instock","12":"shipping-taxable","13":"purchasable","14":"product-type-simple"},"acf":[],"_links":{"self":[{"href":"https:\/\/www.hirtenberg-apotheke.at\/katalog\/wp-json\/wp\/v2\/product\/28333","targetHints":{"allow":["GET"]}}],"collection":[{"href":"https:\/\/www.hirtenberg-apotheke.at\/katalog\/wp-json\/wp\/v2\/product"}],"about":[{"href":"https:\/\/www.hirtenberg-apotheke.at\/katalog\/wp-json\/wp\/v2\/types\/product"}],"wp:featuredmedia":[{"embeddable":true,"href":"https:\/\/www.hirtenberg-apotheke.at\/katalog\/wp-json\/wp\/v2\/media\/28335"}],"wp:attachment":[{"href":"https:\/\/www.hirtenberg-apotheke.at\/katalog\/wp-json\/wp\/v2\/media?parent=28333"}],"wp:term":[{"taxonomy":"product_brand","embeddable":true,"href":"https:\/\/www.hirtenberg-apotheke.at\/katalog\/wp-json\/wp\/v2\/product_brand?post=28333"},{"taxonomy":"product_cat","embeddable":true,"href":"https:\/\/www.hirtenberg-apotheke.at\/katalog\/wp-json\/wp\/v2\/product_cat?post=28333"},{"taxonomy":"product_tag","embeddable":true,"href":"https:\/\/www.hirtenberg-apotheke.at\/katalog\/wp-json\/wp\/v2\/product_tag?post=28333"}],"curies":[{"name":"wp","href":"https:\/\/api.w.org\/{rel}","templated":true}]}}